{"id":9398,"date":"2026-02-26T16:40:35","date_gmt":"2026-02-26T19:40:35","guid":{"rendered":"https:\/\/guindani.com.br\/?post_type=product&#038;p=9398"},"modified":"2026-02-26T16:40:35","modified_gmt":"2026-02-26T19:40:35","slug":"90585","status":"publish","type":"product","link":"https:\/\/guindani.com.br\/?product=90585","title":{"rendered":"90585"},"content":{"rendered":"<p>Pulseira AU 750<\/p>\n<p>0,45 KDBD diamantes<\/p>\n<p>Tamb\u00e9m dispon\u00edvel em zirc\u00f4nia<\/p>\n<p>Peso m\u00e9dio 5,80 grs<\/p>\n","protected":false},"excerpt":{"rendered":"<p>Pulseira AU 750<\/p>\n<p>0,45 KDBD diamantes<\/p>\n<p>Tamb\u00e9m dispon\u00edvel em zirc\u00f4nia<\/p>\n<p>Peso m\u00e9dio 5,80 grs<\/p>\n","protected":false},"featured_media":9400,"comment_status":"closed","ping_status":"closed","template":"","meta":[],"product_brand":[],"product_cat":[260,15,220,219],"product_tag":[],"class_list":{"0":"post-9398","1":"product","2":"type-product","3":"status-publish","4":"has-post-thumbnail","6":"product_cat-lancamentos","7":"product_cat-pulseiras","8":"product_cat-com-brilhante-pulseiras","9":"product_cat-com-zirconia-pulseiras","10":"pa_opcoes-de-pedras-brilhantes","11":"pa_opcoes-de-pedras-zirconias","12":"blog-left-layout","13":"blog-style-postblock","14":"","15":"blog-alt-odd","17":"first","18":"instock","19":"taxable","20":"shipping-taxable","21":"purchasable","22":"product-type-variable"},"_links":{"self":[{"href":"https:\/\/guindani.com.br\/index.php?rest_route=\/wp\/v2\/product\/9398","targetHints":{"allow":["GET"]}}],"collection":[{"href":"https:\/\/guindani.com.br\/index.php?rest_route=\/wp\/v2\/product"}],"about":[{"href":"https:\/\/guindani.com.br\/index.php?rest_route=\/wp\/v2\/types\/product"}],"replies":[{"embeddable":true,"href":"https:\/\/guindani.com.br\/index.php?rest_route=%2Fwp%2Fv2%2Fcomments&post=9398"}],"wp:featuredmedia":[{"embeddable":true,"href":"https:\/\/guindani.com.br\/index.php?rest_route=\/wp\/v2\/media\/9400"}],"wp:attachment":[{"href":"https:\/\/guindani.com.br\/index.php?rest_route=%2Fwp%2Fv2%2Fmedia&parent=9398"}],"wp:term":[{"taxonomy":"product_brand","embeddable":true,"href":"https:\/\/guindani.com.br\/index.php?rest_route=%2Fwp%2Fv2%2Fproduct_brand&post=9398"},{"taxonomy":"product_cat","embeddable":true,"href":"https:\/\/guindani.com.br\/index.php?rest_route=%2Fwp%2Fv2%2Fproduct_cat&post=9398"},{"taxonomy":"product_tag","embeddable":true,"href":"https:\/\/guindani.com.br\/index.php?rest_route=%2Fwp%2Fv2%2Fproduct_tag&post=9398"}],"curies":[{"name":"wp","href":"https:\/\/api.w.org\/{rel}","templated":true}]}}