{"id":9334,"date":"2026-02-25T14:21:23","date_gmt":"2026-02-25T17:21:23","guid":{"rendered":"https:\/\/guindani.com.br\/?post_type=product&#038;p=9334"},"modified":"2026-02-25T14:21:23","modified_gmt":"2026-02-25T17:21:23","slug":"40286","status":"publish","type":"product","link":"https:\/\/guindani.com.br\/?product=40286","title":{"rendered":"40286"},"content":{"rendered":"<p>Gargantilha AU 750 1,20KDBD Diamantes<\/p>\n<p>Tamb\u00e9m dispon\u00edvel em zirc\u00f4nia<\/p>\n<p>Peso m\u00e9dio 13,55 grs<\/p>\n<p>&nbsp;<\/p>\n<p>&nbsp;<\/p>\n","protected":false},"excerpt":{"rendered":"<p>Gargantilha AU 750 1,20KDBD Diamantes<\/p>\n<p>Tamb\u00e9m dispon\u00edvel em zirc\u00f4nia<\/p>\n<p>Peso m\u00e9dio 13,55 grs<\/p>\n<p>&nbsp;<\/p>\n","protected":false},"featured_media":9336,"comment_status":"closed","ping_status":"closed","template":"","meta":[],"product_brand":[],"product_cat":[260,12,29,30,218],"product_tag":[],"class_list":{"0":"post-9334","1":"product","2":"type-product","3":"status-publish","4":"has-post-thumbnail","6":"product_cat-lancamentos","7":"product_cat-gargantilhas","8":"product_cat-com-brilhante-gargantilhas","9":"product_cat-com-pedras-gargantilhas","10":"product_cat-com-zirconia-gargantilhas","11":"pa_opcoes-de-pedras-brilhantes","12":"pa_opcoes-de-pedras-zirconias","13":"blog-left-layout","14":"blog-style-postblock","15":"","16":"blog-alt-odd","18":"first","19":"instock","20":"taxable","21":"shipping-taxable","22":"purchasable","23":"product-type-variable"},"_links":{"self":[{"href":"https:\/\/guindani.com.br\/index.php?rest_route=\/wp\/v2\/product\/9334","targetHints":{"allow":["GET"]}}],"collection":[{"href":"https:\/\/guindani.com.br\/index.php?rest_route=\/wp\/v2\/product"}],"about":[{"href":"https:\/\/guindani.com.br\/index.php?rest_route=\/wp\/v2\/types\/product"}],"replies":[{"embeddable":true,"href":"https:\/\/guindani.com.br\/index.php?rest_route=%2Fwp%2Fv2%2Fcomments&post=9334"}],"wp:featuredmedia":[{"embeddable":true,"href":"https:\/\/guindani.com.br\/index.php?rest_route=\/wp\/v2\/media\/9336"}],"wp:attachment":[{"href":"https:\/\/guindani.com.br\/index.php?rest_route=%2Fwp%2Fv2%2Fmedia&parent=9334"}],"wp:term":[{"taxonomy":"product_brand","embeddable":true,"href":"https:\/\/guindani.com.br\/index.php?rest_route=%2Fwp%2Fv2%2Fproduct_brand&post=9334"},{"taxonomy":"product_cat","embeddable":true,"href":"https:\/\/guindani.com.br\/index.php?rest_route=%2Fwp%2Fv2%2Fproduct_cat&post=9334"},{"taxonomy":"product_tag","embeddable":true,"href":"https:\/\/guindani.com.br\/index.php?rest_route=%2Fwp%2Fv2%2Fproduct_tag&post=9334"}],"curies":[{"name":"wp","href":"https:\/\/api.w.org\/{rel}","templated":true}]}}