{"id":9270,"date":"2025-11-05T11:36:49","date_gmt":"2025-11-05T14:36:49","guid":{"rendered":"https:\/\/guindani.com.br\/?post_type=product&#038;p=9270"},"modified":"2025-11-05T11:36:49","modified_gmt":"2025-11-05T14:36:49","slug":"40279-2","status":"publish","type":"product","link":"https:\/\/guindani.com.br\/?product=40279-2","title":{"rendered":"40279"},"content":{"rendered":"<p>Pulseira AU 750 0,16KD diamante<\/p>\n<p>Tamb\u00e9m dispon\u00edvel em zirc\u00f4nia<\/p>\n<p>Peso m\u00e9dio 3,44 grs<\/p>\n<p>&nbsp;<\/p>\n","protected":false},"excerpt":{"rendered":"<p>Pulseira AU 750 0,16KD diamante<\/p>\n<p>Tamb\u00e9m dispon\u00edvel em zirc\u00f4nia<\/p>\n<p>Peso m\u00e9dio 3,44 grs<\/p>\n","protected":false},"featured_media":9272,"comment_status":"closed","ping_status":"closed","template":"","meta":[],"product_brand":[],"product_cat":[260,15,220,219],"product_tag":[],"class_list":{"0":"post-9270","1":"product","2":"type-product","3":"status-publish","4":"has-post-thumbnail","6":"product_cat-lancamentos","7":"product_cat-pulseiras","8":"product_cat-com-brilhante-pulseiras","9":"product_cat-com-zirconia-pulseiras","10":"pa_brilhante-ou-zirconia-com-brilhante","11":"pa_brilhante-ou-zirconia-com-zirconia","12":"blog-left-layout","13":"blog-style-postblock","14":"","15":"blog-alt-odd","17":"first","18":"instock","19":"taxable","20":"shipping-taxable","21":"purchasable","22":"product-type-variable"},"_links":{"self":[{"href":"https:\/\/guindani.com.br\/index.php?rest_route=\/wp\/v2\/product\/9270","targetHints":{"allow":["GET"]}}],"collection":[{"href":"https:\/\/guindani.com.br\/index.php?rest_route=\/wp\/v2\/product"}],"about":[{"href":"https:\/\/guindani.com.br\/index.php?rest_route=\/wp\/v2\/types\/product"}],"replies":[{"embeddable":true,"href":"https:\/\/guindani.com.br\/index.php?rest_route=%2Fwp%2Fv2%2Fcomments&post=9270"}],"wp:featuredmedia":[{"embeddable":true,"href":"https:\/\/guindani.com.br\/index.php?rest_route=\/wp\/v2\/media\/9272"}],"wp:attachment":[{"href":"https:\/\/guindani.com.br\/index.php?rest_route=%2Fwp%2Fv2%2Fmedia&parent=9270"}],"wp:term":[{"taxonomy":"product_brand","embeddable":true,"href":"https:\/\/guindani.com.br\/index.php?rest_route=%2Fwp%2Fv2%2Fproduct_brand&post=9270"},{"taxonomy":"product_cat","embeddable":true,"href":"https:\/\/guindani.com.br\/index.php?rest_route=%2Fwp%2Fv2%2Fproduct_cat&post=9270"},{"taxonomy":"product_tag","embeddable":true,"href":"https:\/\/guindani.com.br\/index.php?rest_route=%2Fwp%2Fv2%2Fproduct_tag&post=9270"}],"curies":[{"name":"wp","href":"https:\/\/api.w.org\/{rel}","templated":true}]}}