{"id":9108,"date":"2025-09-16T15:05:53","date_gmt":"2025-09-16T18:05:53","guid":{"rendered":"https:\/\/guindani.com.br\/?post_type=product&#038;p=9108"},"modified":"2025-09-16T15:05:53","modified_gmt":"2025-09-16T18:05:53","slug":"32112","status":"publish","type":"product","link":"https:\/\/guindani.com.br\/?product=32112","title":{"rendered":"32112"},"content":{"rendered":"<div class=\"woocommerce-product-details__short-description\">\n<p>Brinco AU 750 com diamante<\/p>\n<p><em>Tamb\u00e9m dispon\u00edvel em zirc\u00f4nia<\/em><\/p>\n<p>Peso M\u00e9dio 1,87 gr<\/p>\n<\/div>\n<form class=\"variations_form cart\" action=\"https:\/\/guindani.com.br\/produto\/32106\/\" enctype=\"multipart\/form-data\" method=\"post\" data-product_id=\"8925\" data-product_variations=\"[{&quot;attributes&quot;:{&quot;attribute_pa_brilhante-ou-zirconia&quot;:&quot;&quot;},&quot;availability_html&quot;:&quot;&quot;,&quot;backorders_allowed&quot;:false,&quot;dimensions&quot;:{&quot;length&quot;:&quot;&quot;,&quot;width&quot;:&quot;&quot;,&quot;height&quot;:&quot;&quot;},&quot;dimensions_html&quot;:&quot;N\\u00e3o aplic\\u00e1vel&quot;,&quot;display_price&quot;:1,&quot;display_regular_price&quot;:1,&quot;image&quot;:{&quot;title&quot;:&quot;&quot;,&quot;caption&quot;:&quot;&quot;,&quot;url&quot;:&quot;https:\\\/\\\/guindani.com.br\\\/wp-content\\\/uploads\\\/2025\\\/02\\\/3210617.jpg&quot;,&quot;alt&quot;:&quot;&quot;,&quot;src&quot;:&quot;https:\\\/\\\/guindani.com.br\\\/wp-content\\\/uploads\\\/2025\\\/02\\\/3210617-400x400.jpg&quot;,&quot;srcset&quot;:&quot;https:\\\/\\\/guindani.com.br\\\/wp-content\\\/uploads\\\/2025\\\/02\\\/3210617-400x400.jpg 400w, https:\\\/\\\/guindani.com.br\\\/wp-content\\\/uploads\\\/2025\\\/02\\\/3210617-300x300.jpg 300w, https:\\\/\\\/guindani.com.br\\\/wp-content\\\/uploads\\\/2025\\\/02\\\/3210617-150x150.jpg 150w, https:\\\/\\\/guindani.com.br\\\/wp-content\\\/uploads\\\/2025\\\/02\\\/3210617-768x768.jpg 768w, https:\\\/\\\/guindani.com.br\\\/wp-content\\\/uploads\\\/2025\\\/02\\\/3210617-100x100.jpg 100w, https:\\\/\\\/guindani.com.br\\\/wp-content\\\/uploads\\\/2025\\\/02\\\/3210617.jpg 1000w&quot;,&quot;sizes&quot;:&quot;(max-width: 400px) 100vw, 400px&quot;,&quot;full_src&quot;:&quot;https:\\\/\\\/guindani.com.br\\\/wp-content\\\/uploads\\\/2025\\\/02\\\/3210617.jpg&quot;,&quot;full_src_w&quot;:1000,&quot;full_src_h&quot;:1000,&quot;gallery_thumbnail_src&quot;:&quot;https:\\\/\\\/guindani.com.br\\\/wp-content\\\/uploads\\\/2025\\\/02\\\/3210617-100x100.jpg&quot;,&quot;gallery_thumbnail_src_w&quot;:100,&quot;gallery_thumbnail_src_h&quot;:100,&quot;thumb_src&quot;:&quot;https:\\\/\\\/guindani.com.br\\\/wp-content\\\/uploads\\\/2025\\\/02\\\/3210617-300x300.jpg&quot;,&quot;thumb_src_w&quot;:300,&quot;thumb_src_h&quot;:300,&quot;src_w&quot;:400,&quot;src_h&quot;:400},&quot;image_id&quot;:8927,&quot;is_downloadable&quot;:false,&quot;is_in_stock&quot;:true,&quot;is_purchasable&quot;:true,&quot;is_sold_individually&quot;:&quot;no&quot;,&quot;is_virtual&quot;:false,&quot;max_qty&quot;:&quot;&quot;,&quot;min_qty&quot;:1,&quot;price_html&quot;:&quot;&quot;,&quot;sku&quot;:&quot;32106&quot;,&quot;variation_description&quot;:&quot;&quot;,&quot;variation_id&quot;:8926,&quot;variation_is_active&quot;:true,&quot;variation_is_visible&quot;:true,&quot;weight&quot;:&quot;&quot;,&quot;weight_html&quot;:&quot;N\\u00e3o aplic\\u00e1vel&quot;}]\"><\/form>\n<p>&nbsp;<\/p>\n","protected":false},"excerpt":{"rendered":"<div class=\"woocommerce-product-details__short-description\">\n<p>Brinco AU 750 com diamante<\/p>\n<p><em>Tamb\u00e9m dispon\u00edvel em zirc\u00f4nia<\/em><\/p>\n<p>Peso M\u00e9dio 1,87 gr<\/p>\n<\/div>\n<form class=\"variations_form cart\" action=\"https:\/\/guindani.com.br\/produto\/32106\/\" enctype=\"multipart\/form-data\" method=\"post\" data-product_id=\"8925\" data-product_variations=\"[{&quot;attributes&quot;:{&quot;attribute_pa_brilhante-ou-zirconia&quot;:&quot;&quot;},&quot;availability_html&quot;:&quot;&quot;,&quot;backorders_allowed&quot;:false,&quot;dimensions&quot;:{&quot;length&quot;:&quot;&quot;,&quot;width&quot;:&quot;&quot;,&quot;height&quot;:&quot;&quot;},&quot;dimensions_html&quot;:&quot;N\\u00e3o aplic\\u00e1vel&quot;,&quot;display_price&quot;:1,&quot;display_regular_price&quot;:1,&quot;image&quot;:{&quot;title&quot;:&quot;&quot;,&quot;caption&quot;:&quot;&quot;,&quot;url&quot;:&quot;https:\\\/\\\/guindani.com.br\\\/wp-content\\\/uploads\\\/2025\\\/02\\\/3210617.jpg&quot;,&quot;alt&quot;:&quot;&quot;,&quot;src&quot;:&quot;https:\\\/\\\/guindani.com.br\\\/wp-content\\\/uploads\\\/2025\\\/02\\\/3210617-400x400.jpg&quot;,&quot;srcset&quot;:&quot;https:\\\/\\\/guindani.com.br\\\/wp-content\\\/uploads\\\/2025\\\/02\\\/3210617-400x400.jpg 400w, https:\\\/\\\/guindani.com.br\\\/wp-content\\\/uploads\\\/2025\\\/02\\\/3210617-300x300.jpg 300w, https:\\\/\\\/guindani.com.br\\\/wp-content\\\/uploads\\\/2025\\\/02\\\/3210617-150x150.jpg 150w, https:\\\/\\\/guindani.com.br\\\/wp-content\\\/uploads\\\/2025\\\/02\\\/3210617-768x768.jpg 768w, https:\\\/\\\/guindani.com.br\\\/wp-content\\\/uploads\\\/2025\\\/02\\\/3210617-100x100.jpg 100w, https:\\\/\\\/guindani.com.br\\\/wp-content\\\/uploads\\\/2025\\\/02\\\/3210617.jpg 1000w&quot;,&quot;sizes&quot;:&quot;(max-width: 400px) 100vw, 400px&quot;,&quot;full_src&quot;:&quot;https:\\\/\\\/guindani.com.br\\\/wp-content\\\/uploads\\\/2025\\\/02\\\/3210617.jpg&quot;,&quot;full_src_w&quot;:1000,&quot;full_src_h&quot;:1000,&quot;gallery_thumbnail_src&quot;:&quot;https:\\\/\\\/guindani.com.br\\\/wp-content\\\/uploads\\\/2025\\\/02\\\/3210617-100x100.jpg&quot;,&quot;gallery_thumbnail_src_w&quot;:100,&quot;gallery_thumbnail_src_h&quot;:100,&quot;thumb_src&quot;:&quot;https:\\\/\\\/guindani.com.br\\\/wp-content\\\/uploads\\\/2025\\\/02\\\/3210617-300x300.jpg&quot;,&quot;thumb_src_w&quot;:300,&quot;thumb_src_h&quot;:300,&quot;src_w&quot;:400,&quot;src_h&quot;:400},&quot;image_id&quot;:8927,&quot;is_downloadable&quot;:false,&quot;is_in_stock&quot;:true,&quot;is_purchasable&quot;:true,&quot;is_sold_individually&quot;:&quot;no&quot;,&quot;is_virtual&quot;:false,&quot;max_qty&quot;:&quot;&quot;,&quot;min_qty&quot;:1,&quot;price_html&quot;:&quot;&quot;,&quot;sku&quot;:&quot;32106&quot;,&quot;variation_description&quot;:&quot;&quot;,&quot;variation_id&quot;:8926,&quot;variation_is_active&quot;:true,&quot;variation_is_visible&quot;:true,&quot;weight&quot;:&quot;&quot;,&quot;weight_html&quot;:&quot;N\\u00e3o aplic\\u00e1vel&quot;}]\"><\/form>\n<p>&nbsp;<\/p>\n","protected":false},"featured_media":9110,"comment_status":"closed","ping_status":"closed","template":"","meta":[],"product_brand":[],"product_cat":[260,10,23,209],"product_tag":[],"class_list":{"0":"post-9108","1":"product","2":"type-product","3":"status-publish","4":"has-post-thumbnail","6":"product_cat-lancamentos","7":"product_cat-brincos","8":"product_cat-com-brilhante-brincos","9":"product_cat-com-zirconia-brincos","10":"pa_brilhante-ou-zirconia-com-brilhante","11":"pa_brilhante-ou-zirconia-com-zirconia","12":"blog-left-layout","13":"blog-style-postblock","14":"","15":"blog-alt-odd","17":"first","18":"instock","19":"taxable","20":"shipping-taxable","21":"purchasable","22":"product-type-variable"},"_links":{"self":[{"href":"https:\/\/guindani.com.br\/index.php?rest_route=\/wp\/v2\/product\/9108","targetHints":{"allow":["GET"]}}],"collection":[{"href":"https:\/\/guindani.com.br\/index.php?rest_route=\/wp\/v2\/product"}],"about":[{"href":"https:\/\/guindani.com.br\/index.php?rest_route=\/wp\/v2\/types\/product"}],"replies":[{"embeddable":true,"href":"https:\/\/guindani.com.br\/index.php?rest_route=%2Fwp%2Fv2%2Fcomments&post=9108"}],"wp:featuredmedia":[{"embeddable":true,"href":"https:\/\/guindani.com.br\/index.php?rest_route=\/wp\/v2\/media\/9110"}],"wp:attachment":[{"href":"https:\/\/guindani.com.br\/index.php?rest_route=%2Fwp%2Fv2%2Fmedia&parent=9108"}],"wp:term":[{"taxonomy":"product_brand","embeddable":true,"href":"https:\/\/guindani.com.br\/index.php?rest_route=%2Fwp%2Fv2%2Fproduct_brand&post=9108"},{"taxonomy":"product_cat","embeddable":true,"href":"https:\/\/guindani.com.br\/index.php?rest_route=%2Fwp%2Fv2%2Fproduct_cat&post=9108"},{"taxonomy":"product_tag","embeddable":true,"href":"https:\/\/guindani.com.br\/index.php?rest_route=%2Fwp%2Fv2%2Fproduct_tag&post=9108"}],"curies":[{"name":"wp","href":"https:\/\/api.w.org\/{rel}","templated":true}]}}