{"id":8987,"date":"2025-02-19T17:09:29","date_gmt":"2025-02-19T20:09:29","guid":{"rendered":"https:\/\/guindani.com.br\/?post_type=product&#038;p=8987"},"modified":"2025-02-19T17:09:29","modified_gmt":"2025-02-19T20:09:29","slug":"71154","status":"publish","type":"product","link":"https:\/\/guindani.com.br\/?product=71154","title":{"rendered":"71154"},"content":{"rendered":"<p>Pingente AU 750 com Diamante<\/p>\n<p><em>Tamb\u00e9m dispon\u00edvel em zirc\u00f4nia\u00a0<\/em><\/p>\n<p>Peso M\u00e9dio 0,83g<\/p>\n","protected":false},"excerpt":{"rendered":"<p>Pingente AU 750 com Diamante<\/p>\n<p><em>Tamb\u00e9m dispon\u00edvel em zirc\u00f4nia\u00a0<\/em><\/p>\n<p>Peso M\u00e9dio 0,83g<\/p>\n","protected":false},"featured_media":8989,"comment_status":"closed","ping_status":"closed","template":"","meta":[],"product_brand":[],"product_cat":[260,223,13,33],"product_tag":[],"class_list":{"0":"post-8987","1":"product","2":"type-product","3":"status-publish","4":"has-post-thumbnail","6":"product_cat-lancamentos","7":"product_cat-com-zirconia-piercing","8":"product_cat-pingtentes","9":"product_cat-com-brilhante-pingtentes","10":"pa_brilhante-ou-zirconia-com-brilhante","11":"pa_brilhante-ou-zirconia-com-zirconia","12":"blog-left-layout","13":"blog-style-postblock","14":"","15":"blog-alt-odd","17":"first","18":"instock","19":"taxable","20":"shipping-taxable","21":"purchasable","22":"product-type-variable"},"_links":{"self":[{"href":"https:\/\/guindani.com.br\/index.php?rest_route=\/wp\/v2\/product\/8987","targetHints":{"allow":["GET"]}}],"collection":[{"href":"https:\/\/guindani.com.br\/index.php?rest_route=\/wp\/v2\/product"}],"about":[{"href":"https:\/\/guindani.com.br\/index.php?rest_route=\/wp\/v2\/types\/product"}],"replies":[{"embeddable":true,"href":"https:\/\/guindani.com.br\/index.php?rest_route=%2Fwp%2Fv2%2Fcomments&post=8987"}],"wp:featuredmedia":[{"embeddable":true,"href":"https:\/\/guindani.com.br\/index.php?rest_route=\/wp\/v2\/media\/8989"}],"wp:attachment":[{"href":"https:\/\/guindani.com.br\/index.php?rest_route=%2Fwp%2Fv2%2Fmedia&parent=8987"}],"wp:term":[{"taxonomy":"product_brand","embeddable":true,"href":"https:\/\/guindani.com.br\/index.php?rest_route=%2Fwp%2Fv2%2Fproduct_brand&post=8987"},{"taxonomy":"product_cat","embeddable":true,"href":"https:\/\/guindani.com.br\/index.php?rest_route=%2Fwp%2Fv2%2Fproduct_cat&post=8987"},{"taxonomy":"product_tag","embeddable":true,"href":"https:\/\/guindani.com.br\/index.php?rest_route=%2Fwp%2Fv2%2Fproduct_tag&post=8987"}],"curies":[{"name":"wp","href":"https:\/\/api.w.org\/{rel}","templated":true}]}}