{"id":8958,"date":"2025-02-14T14:49:45","date_gmt":"2025-02-14T17:49:45","guid":{"rendered":"https:\/\/guindani.com.br\/?post_type=product&#038;p=8958"},"modified":"2025-02-14T14:49:45","modified_gmt":"2025-02-14T17:49:45","slug":"71155","status":"publish","type":"product","link":"https:\/\/guindani.com.br\/?product=71155","title":{"rendered":"71155"},"content":{"rendered":"<p>Pingente AU 750 com diamante<\/p>\n<p><em>Tamb\u00e9m dispon\u00edvel em zirc\u00f4nia<\/em><\/p>\n<p>Peso M\u00e9dio 0,96 g<\/p>\n","protected":false},"excerpt":{"rendered":"<p>Pingente AU 750 com diamante<\/p>\n<p><em>Tamb\u00e9m dispon\u00edvel em zirc\u00f4nia<\/em><\/p>\n<p>Peso M\u00e9dio 0,96 g<\/p>\n","protected":false},"featured_media":8960,"comment_status":"closed","ping_status":"closed","template":"","meta":[],"product_brand":[],"product_cat":[260,13,33,210],"product_tag":[],"class_list":{"0":"post-8958","1":"product","2":"type-product","3":"status-publish","4":"has-post-thumbnail","6":"product_cat-lancamentos","7":"product_cat-pingtentes","8":"product_cat-com-brilhante-pingtentes","9":"product_cat-com-zirconia-pingtentes","10":"pa_brilhante-ou-zirconia-com-brilhante","11":"pa_brilhante-ou-zirconia-com-zirconia","12":"blog-left-layout","13":"blog-style-postblock","14":"","15":"blog-alt-odd","17":"first","18":"instock","19":"taxable","20":"shipping-taxable","21":"purchasable","22":"product-type-variable"},"_links":{"self":[{"href":"https:\/\/guindani.com.br\/index.php?rest_route=\/wp\/v2\/product\/8958","targetHints":{"allow":["GET"]}}],"collection":[{"href":"https:\/\/guindani.com.br\/index.php?rest_route=\/wp\/v2\/product"}],"about":[{"href":"https:\/\/guindani.com.br\/index.php?rest_route=\/wp\/v2\/types\/product"}],"replies":[{"embeddable":true,"href":"https:\/\/guindani.com.br\/index.php?rest_route=%2Fwp%2Fv2%2Fcomments&post=8958"}],"wp:featuredmedia":[{"embeddable":true,"href":"https:\/\/guindani.com.br\/index.php?rest_route=\/wp\/v2\/media\/8960"}],"wp:attachment":[{"href":"https:\/\/guindani.com.br\/index.php?rest_route=%2Fwp%2Fv2%2Fmedia&parent=8958"}],"wp:term":[{"taxonomy":"product_brand","embeddable":true,"href":"https:\/\/guindani.com.br\/index.php?rest_route=%2Fwp%2Fv2%2Fproduct_brand&post=8958"},{"taxonomy":"product_cat","embeddable":true,"href":"https:\/\/guindani.com.br\/index.php?rest_route=%2Fwp%2Fv2%2Fproduct_cat&post=8958"},{"taxonomy":"product_tag","embeddable":true,"href":"https:\/\/guindani.com.br\/index.php?rest_route=%2Fwp%2Fv2%2Fproduct_tag&post=8958"}],"curies":[{"name":"wp","href":"https:\/\/api.w.org\/{rel}","templated":true}]}}