{"id":8940,"date":"2025-02-14T10:38:50","date_gmt":"2025-02-14T13:38:50","guid":{"rendered":"https:\/\/guindani.com.br\/?post_type=product&#038;p=8940"},"modified":"2025-02-14T10:38:50","modified_gmt":"2025-02-14T13:38:50","slug":"21704","status":"publish","type":"product","link":"https:\/\/guindani.com.br\/?product=21704","title":{"rendered":"21704"},"content":{"rendered":"<p>Anel \u00a0AU 750 com diamante<\/p>\n<p><em>Tamb\u00e9m dispon\u00edvel em zirc\u00f4nia<\/em><\/p>\n<p>Peso M\u00e9dio 1,60 g<\/p>\n","protected":false},"excerpt":{"rendered":"<p>Anel \u00a0AU 750 com diamante<\/p>\n<p><em>Tamb\u00e9m dispon\u00edvel em zirc\u00f4nia<\/em><\/p>\n<p>Peso M\u00e9dio 1,60 g<\/p>\n","protected":false},"featured_media":8942,"comment_status":"closed","ping_status":"closed","template":"","meta":[],"product_brand":[],"product_cat":[260,8,18,66],"product_tag":[],"class_list":{"0":"post-8940","1":"product","2":"type-product","3":"status-publish","4":"has-post-thumbnail","6":"product_cat-lancamentos","7":"product_cat-aneis","8":"product_cat-com-brilhante","9":"product_cat-com-zirconia","10":"pa_brilhante-ou-zirconia-com-brilhante","11":"pa_brilhante-ou-zirconia-com-zirconia","12":"pa_tamanho-64","13":"pa_tamanho-65","14":"pa_tamanho-74","15":"pa_tamanho-75","16":"pa_tamanho-76","17":"pa_tamanho-77","18":"pa_tamanho-78","19":"pa_tamanho-79","20":"pa_tamanho-80","21":"pa_tamanho-81","22":"pa_tamanho-82","23":"pa_tamanho-83","24":"pa_tamanho-84","25":"pa_tamanho-85","26":"pa_tamanho-86","27":"blog-left-layout","28":"blog-style-postblock","29":"","30":"blog-alt-odd","32":"first","33":"instock","34":"taxable","35":"shipping-taxable","36":"purchasable","37":"product-type-variable"},"_links":{"self":[{"href":"https:\/\/guindani.com.br\/index.php?rest_route=\/wp\/v2\/product\/8940","targetHints":{"allow":["GET"]}}],"collection":[{"href":"https:\/\/guindani.com.br\/index.php?rest_route=\/wp\/v2\/product"}],"about":[{"href":"https:\/\/guindani.com.br\/index.php?rest_route=\/wp\/v2\/types\/product"}],"replies":[{"embeddable":true,"href":"https:\/\/guindani.com.br\/index.php?rest_route=%2Fwp%2Fv2%2Fcomments&post=8940"}],"wp:featuredmedia":[{"embeddable":true,"href":"https:\/\/guindani.com.br\/index.php?rest_route=\/wp\/v2\/media\/8942"}],"wp:attachment":[{"href":"https:\/\/guindani.com.br\/index.php?rest_route=%2Fwp%2Fv2%2Fmedia&parent=8940"}],"wp:term":[{"taxonomy":"product_brand","embeddable":true,"href":"https:\/\/guindani.com.br\/index.php?rest_route=%2Fwp%2Fv2%2Fproduct_brand&post=8940"},{"taxonomy":"product_cat","embeddable":true,"href":"https:\/\/guindani.com.br\/index.php?rest_route=%2Fwp%2Fv2%2Fproduct_cat&post=8940"},{"taxonomy":"product_tag","embeddable":true,"href":"https:\/\/guindani.com.br\/index.php?rest_route=%2Fwp%2Fv2%2Fproduct_tag&post=8940"}],"curies":[{"name":"wp","href":"https:\/\/api.w.org\/{rel}","templated":true}]}}