{"id":8806,"date":"2025-02-04T16:20:37","date_gmt":"2025-02-04T19:20:37","guid":{"rendered":"https:\/\/guindani.com.br\/?post_type=product&#038;p=8806"},"modified":"2025-02-04T16:21:56","modified_gmt":"2025-02-04T19:21:56","slug":"60762","status":"publish","type":"product","link":"https:\/\/guindani.com.br\/?product=60762","title":{"rendered":"60762"},"content":{"rendered":"<p>Gargantilha AU 750 0,12kd diamante<\/p>\n<p><em>Tamb\u00e9m dispon\u00edvel em zirc\u00f4nia<\/em><\/p>\n<p>Peso m\u00e9dio 1,57 g<\/p>\n","protected":false},"excerpt":{"rendered":"<p>Gargantilha AU 750 0,12kd diamante<\/p>\n<p><em>Tamb\u00e9m dispon\u00edvel em zirc\u00f4nia<\/em><\/p>\n<p>Peso m\u00e9dio 1,57 g<\/p>\n","protected":false},"featured_media":8807,"comment_status":"closed","ping_status":"closed","template":"","meta":[],"product_brand":[],"product_cat":[12,29,218],"product_tag":[],"class_list":{"0":"post-8806","1":"product","2":"type-product","3":"status-publish","4":"has-post-thumbnail","6":"product_cat-gargantilhas","7":"product_cat-com-brilhante-gargantilhas","8":"product_cat-com-zirconia-gargantilhas","9":"pa_brilhante-ou-zirconia-com-brilhante","10":"pa_brilhante-ou-zirconia-com-zirconia","11":"blog-left-layout","12":"blog-style-postblock","13":"","14":"blog-alt-odd","16":"first","17":"instock","18":"taxable","19":"shipping-taxable","20":"purchasable","21":"product-type-variable"},"_links":{"self":[{"href":"https:\/\/guindani.com.br\/index.php?rest_route=\/wp\/v2\/product\/8806","targetHints":{"allow":["GET"]}}],"collection":[{"href":"https:\/\/guindani.com.br\/index.php?rest_route=\/wp\/v2\/product"}],"about":[{"href":"https:\/\/guindani.com.br\/index.php?rest_route=\/wp\/v2\/types\/product"}],"replies":[{"embeddable":true,"href":"https:\/\/guindani.com.br\/index.php?rest_route=%2Fwp%2Fv2%2Fcomments&post=8806"}],"wp:featuredmedia":[{"embeddable":true,"href":"https:\/\/guindani.com.br\/index.php?rest_route=\/wp\/v2\/media\/8807"}],"wp:attachment":[{"href":"https:\/\/guindani.com.br\/index.php?rest_route=%2Fwp%2Fv2%2Fmedia&parent=8806"}],"wp:term":[{"taxonomy":"product_brand","embeddable":true,"href":"https:\/\/guindani.com.br\/index.php?rest_route=%2Fwp%2Fv2%2Fproduct_brand&post=8806"},{"taxonomy":"product_cat","embeddable":true,"href":"https:\/\/guindani.com.br\/index.php?rest_route=%2Fwp%2Fv2%2Fproduct_cat&post=8806"},{"taxonomy":"product_tag","embeddable":true,"href":"https:\/\/guindani.com.br\/index.php?rest_route=%2Fwp%2Fv2%2Fproduct_tag&post=8806"}],"curies":[{"name":"wp","href":"https:\/\/api.w.org\/{rel}","templated":true}]}}