{"id":8711,"date":"2024-07-30T15:11:05","date_gmt":"2024-07-30T18:11:05","guid":{"rendered":"https:\/\/guindani.com.br\/?post_type=product&#038;p=8711"},"modified":"2025-03-20T15:29:46","modified_gmt":"2025-03-20T18:29:46","slug":"32067","status":"publish","type":"product","link":"https:\/\/guindani.com.br\/?product=32067","title":{"rendered":"32067"},"content":{"rendered":"<p>Brinco Au 750 0,18KD diamante<\/p>\n<p><em>Tamb\u00e9m dispon\u00edvel em zirc\u00f4nia<\/em><\/p>\n<p>Peso m\u00e9dio 2,66 g<\/p>\n","protected":false},"excerpt":{"rendered":"<p>Brinco Au 750 0,18KD diamante<\/p>\n<p><em>Tamb\u00e9m dispon\u00edvel em zirc\u00f4nia<\/em><\/p>\n<p>Peso m\u00e9dio 2,66 g<\/p>\n","protected":false},"featured_media":8714,"comment_status":"closed","ping_status":"closed","template":"","meta":[],"product_brand":[],"product_cat":[10,23,209],"product_tag":[],"class_list":{"0":"post-8711","1":"product","2":"type-product","3":"status-publish","4":"has-post-thumbnail","6":"product_cat-brincos","7":"product_cat-com-brilhante-brincos","8":"product_cat-com-zirconia-brincos","9":"pa_brilhante-ou-zirconia-com-brilhante","10":"pa_brilhante-ou-zirconia-com-zirconia","11":"blog-left-layout","12":"blog-style-postblock","13":"","14":"blog-alt-odd","16":"first","17":"instock","18":"taxable","19":"shipping-taxable","20":"purchasable","21":"product-type-variable"},"_links":{"self":[{"href":"https:\/\/guindani.com.br\/index.php?rest_route=\/wp\/v2\/product\/8711","targetHints":{"allow":["GET"]}}],"collection":[{"href":"https:\/\/guindani.com.br\/index.php?rest_route=\/wp\/v2\/product"}],"about":[{"href":"https:\/\/guindani.com.br\/index.php?rest_route=\/wp\/v2\/types\/product"}],"replies":[{"embeddable":true,"href":"https:\/\/guindani.com.br\/index.php?rest_route=%2Fwp%2Fv2%2Fcomments&post=8711"}],"wp:featuredmedia":[{"embeddable":true,"href":"https:\/\/guindani.com.br\/index.php?rest_route=\/wp\/v2\/media\/8714"}],"wp:attachment":[{"href":"https:\/\/guindani.com.br\/index.php?rest_route=%2Fwp%2Fv2%2Fmedia&parent=8711"}],"wp:term":[{"taxonomy":"product_brand","embeddable":true,"href":"https:\/\/guindani.com.br\/index.php?rest_route=%2Fwp%2Fv2%2Fproduct_brand&post=8711"},{"taxonomy":"product_cat","embeddable":true,"href":"https:\/\/guindani.com.br\/index.php?rest_route=%2Fwp%2Fv2%2Fproduct_cat&post=8711"},{"taxonomy":"product_tag","embeddable":true,"href":"https:\/\/guindani.com.br\/index.php?rest_route=%2Fwp%2Fv2%2Fproduct_tag&post=8711"}],"curies":[{"name":"wp","href":"https:\/\/api.w.org\/{rel}","templated":true}]}}