{"id":8687,"date":"2024-07-29T15:37:23","date_gmt":"2024-07-29T18:37:23","guid":{"rendered":"https:\/\/guindani.com.br\/?post_type=product&#038;p=8687"},"modified":"2024-07-29T15:56:30","modified_gmt":"2024-07-29T18:56:30","slug":"8687","status":"publish","type":"product","link":"https:\/\/guindani.com.br\/?product=8687","title":{"rendered":"71143"},"content":{"rendered":"<p>Pingente AU 750 medalha Milagrosa com aro em 29 pontos de\u00a0 brilhantes ao redor<\/p>\n<p><em>Tamb\u00e9m dispon\u00edvel em zirc\u00f4nias<\/em><\/p>\n<p>Peso: 2,67 g<\/p>\n<p>&nbsp;<\/p>\n","protected":false},"excerpt":{"rendered":"<p>Pingente AU 750 medalha Milagrosa com aro em 29 pontos de\u00a0 brilhantes ao redor<\/p>\n<p><em>Tamb\u00e9m dispon\u00edvel em zirc\u00f4nias<\/em><\/p>\n<p>Peso: 2,67 g<\/p>\n<p>&nbsp;<\/p>\n","protected":false},"featured_media":8689,"comment_status":"closed","ping_status":"closed","template":"","meta":[],"product_brand":[],"product_cat":[13,33,210,39],"product_tag":[],"class_list":{"0":"post-8687","1":"product","2":"type-product","3":"status-publish","4":"has-post-thumbnail","6":"product_cat-pingtentes","7":"product_cat-com-brilhante-pingtentes","8":"product_cat-com-zirconia-pingtentes","9":"product_cat-linha-sacra","10":"pa_brilhante-ou-zirconia-com-brilhante","11":"pa_brilhante-ou-zirconia-com-zirconia","12":"blog-left-layout","13":"blog-style-postblock","14":"","15":"blog-alt-odd","17":"first","18":"instock","19":"taxable","20":"shipping-taxable","21":"purchasable","22":"product-type-variable"},"_links":{"self":[{"href":"https:\/\/guindani.com.br\/index.php?rest_route=\/wp\/v2\/product\/8687","targetHints":{"allow":["GET"]}}],"collection":[{"href":"https:\/\/guindani.com.br\/index.php?rest_route=\/wp\/v2\/product"}],"about":[{"href":"https:\/\/guindani.com.br\/index.php?rest_route=\/wp\/v2\/types\/product"}],"replies":[{"embeddable":true,"href":"https:\/\/guindani.com.br\/index.php?rest_route=%2Fwp%2Fv2%2Fcomments&post=8687"}],"wp:featuredmedia":[{"embeddable":true,"href":"https:\/\/guindani.com.br\/index.php?rest_route=\/wp\/v2\/media\/8689"}],"wp:attachment":[{"href":"https:\/\/guindani.com.br\/index.php?rest_route=%2Fwp%2Fv2%2Fmedia&parent=8687"}],"wp:term":[{"taxonomy":"product_brand","embeddable":true,"href":"https:\/\/guindani.com.br\/index.php?rest_route=%2Fwp%2Fv2%2Fproduct_brand&post=8687"},{"taxonomy":"product_cat","embeddable":true,"href":"https:\/\/guindani.com.br\/index.php?rest_route=%2Fwp%2Fv2%2Fproduct_cat&post=8687"},{"taxonomy":"product_tag","embeddable":true,"href":"https:\/\/guindani.com.br\/index.php?rest_route=%2Fwp%2Fv2%2Fproduct_tag&post=8687"}],"curies":[{"name":"wp","href":"https:\/\/api.w.org\/{rel}","templated":true}]}}