{"id":8620,"date":"2024-05-20T14:47:03","date_gmt":"2024-05-20T17:47:03","guid":{"rendered":"https:\/\/guindani.com.br\/?post_type=product&#038;p=8620"},"modified":"2024-07-29T15:53:52","modified_gmt":"2024-07-29T18:53:52","slug":"90564","status":"publish","type":"product","link":"https:\/\/guindani.com.br\/?product=90564","title":{"rendered":"90564"},"content":{"rendered":"<p>Pulseira Au 750 0,24kd Diamante Bracelete Cora\u00e7\u00e3o<\/p>\n<p>Peso m\u00e9dio: 6,23 g<\/p>\n<p><em>Tamb\u00e9m dispon\u00edvel em zirc\u00f4nias<\/em><\/p>\n","protected":false},"excerpt":{"rendered":"<p>Pulseira Au 750 0,24kd Diamante Bracelete Cora\u00e7\u00e3o<\/p>\n<p>Peso m\u00e9dio: 6,23 g<\/p>\n<p><em>Tamb\u00e9m dispon\u00edvel em zirc\u00f4nias<\/em><\/p>\n","protected":false},"featured_media":8622,"comment_status":"closed","ping_status":"closed","template":"","meta":[],"product_brand":[],"product_cat":[260,43,15,220,219],"product_tag":[],"class_list":{"0":"post-8620","1":"product","2":"type-product","3":"status-publish","4":"has-post-thumbnail","6":"product_cat-lancamentos","7":"product_cat-braceletes","8":"product_cat-pulseiras","9":"product_cat-com-brilhante-pulseiras","10":"product_cat-com-zirconia-pulseiras","11":"pa_brilhante-ou-zirconia-com-brilhante","12":"pa_brilhante-ou-zirconia-com-zirconia","13":"blog-left-layout","14":"blog-style-postblock","15":"","16":"blog-alt-odd","18":"first","19":"instock","20":"taxable","21":"shipping-taxable","22":"purchasable","23":"product-type-variable"},"_links":{"self":[{"href":"https:\/\/guindani.com.br\/index.php?rest_route=\/wp\/v2\/product\/8620","targetHints":{"allow":["GET"]}}],"collection":[{"href":"https:\/\/guindani.com.br\/index.php?rest_route=\/wp\/v2\/product"}],"about":[{"href":"https:\/\/guindani.com.br\/index.php?rest_route=\/wp\/v2\/types\/product"}],"replies":[{"embeddable":true,"href":"https:\/\/guindani.com.br\/index.php?rest_route=%2Fwp%2Fv2%2Fcomments&post=8620"}],"wp:featuredmedia":[{"embeddable":true,"href":"https:\/\/guindani.com.br\/index.php?rest_route=\/wp\/v2\/media\/8622"}],"wp:attachment":[{"href":"https:\/\/guindani.com.br\/index.php?rest_route=%2Fwp%2Fv2%2Fmedia&parent=8620"}],"wp:term":[{"taxonomy":"product_brand","embeddable":true,"href":"https:\/\/guindani.com.br\/index.php?rest_route=%2Fwp%2Fv2%2Fproduct_brand&post=8620"},{"taxonomy":"product_cat","embeddable":true,"href":"https:\/\/guindani.com.br\/index.php?rest_route=%2Fwp%2Fv2%2Fproduct_cat&post=8620"},{"taxonomy":"product_tag","embeddable":true,"href":"https:\/\/guindani.com.br\/index.php?rest_route=%2Fwp%2Fv2%2Fproduct_tag&post=8620"}],"curies":[{"name":"wp","href":"https:\/\/api.w.org\/{rel}","templated":true}]}}