{"id":8579,"date":"2024-01-22T15:23:36","date_gmt":"2024-01-22T18:23:36","guid":{"rendered":"https:\/\/guindani.com.br\/?post_type=product&#038;p=8579"},"modified":"2024-01-22T15:23:36","modified_gmt":"2024-01-22T18:23:36","slug":"40260","status":"publish","type":"product","link":"https:\/\/guindani.com.br\/?product=40260","title":{"rendered":"40260"},"content":{"rendered":"<p>Corrente AU 750 43 pts diamante<\/p>\n<p><em>Tamb\u00e9m dispon\u00edvel em Zirc\u00f4nias<\/em><\/p>\n<p>Peso m\u00e9dio:<\/p>\n<p>20 cm &#8211; 9,43 g<\/p>\n<p>45cm\u00a0 &#8211; 17,98 g<\/p>\n","protected":false},"excerpt":{"rendered":"<p>Corrente AU 750 43 pts diamante<\/p>\n<p><em>Tamb\u00e9m dispon\u00edvel em Zirc\u00f4nias<\/em><\/p>\n<p>Peso m\u00e9dio:<\/p>\n<p>20 cm &#8211; 9,43 g<\/p>\n<p>45cm\u00a0 &#8211; 17,98 g<\/p>\n","protected":false},"featured_media":8581,"comment_status":"closed","ping_status":"closed","template":"","meta":[],"product_brand":[],"product_cat":[260,11,12,29,218,15,220,219],"product_tag":[],"class_list":{"0":"post-8579","1":"product","2":"type-product","3":"status-publish","4":"has-post-thumbnail","6":"product_cat-lancamentos","7":"product_cat-correntes","8":"product_cat-gargantilhas","9":"product_cat-com-brilhante-gargantilhas","10":"product_cat-com-zirconia-gargantilhas","11":"product_cat-pulseiras","12":"product_cat-com-brilhante-pulseiras","13":"product_cat-com-zirconia-pulseiras","14":"pa_brilhante-ou-zirconia-com-brilhante","15":"pa_brilhante-ou-zirconia-com-zirconia","16":"pa_comprimento-correntes-18-cm","17":"pa_comprimento-correntes-20-cm","18":"pa_comprimento-correntes-22-cm","19":"pa_comprimento-correntes-40-cm","20":"pa_comprimento-correntes-45-cm","21":"pa_comprimento-correntes-50-cm","22":"pa_comprimento-correntes-60-cm","23":"blog-left-layout","24":"blog-style-postblock","25":"","26":"blog-alt-odd","28":"first","29":"instock","30":"taxable","31":"shipping-taxable","32":"purchasable","33":"product-type-variable"},"_links":{"self":[{"href":"https:\/\/guindani.com.br\/index.php?rest_route=\/wp\/v2\/product\/8579","targetHints":{"allow":["GET"]}}],"collection":[{"href":"https:\/\/guindani.com.br\/index.php?rest_route=\/wp\/v2\/product"}],"about":[{"href":"https:\/\/guindani.com.br\/index.php?rest_route=\/wp\/v2\/types\/product"}],"replies":[{"embeddable":true,"href":"https:\/\/guindani.com.br\/index.php?rest_route=%2Fwp%2Fv2%2Fcomments&post=8579"}],"wp:featuredmedia":[{"embeddable":true,"href":"https:\/\/guindani.com.br\/index.php?rest_route=\/wp\/v2\/media\/8581"}],"wp:attachment":[{"href":"https:\/\/guindani.com.br\/index.php?rest_route=%2Fwp%2Fv2%2Fmedia&parent=8579"}],"wp:term":[{"taxonomy":"product_brand","embeddable":true,"href":"https:\/\/guindani.com.br\/index.php?rest_route=%2Fwp%2Fv2%2Fproduct_brand&post=8579"},{"taxonomy":"product_cat","embeddable":true,"href":"https:\/\/guindani.com.br\/index.php?rest_route=%2Fwp%2Fv2%2Fproduct_cat&post=8579"},{"taxonomy":"product_tag","embeddable":true,"href":"https:\/\/guindani.com.br\/index.php?rest_route=%2Fwp%2Fv2%2Fproduct_tag&post=8579"}],"curies":[{"name":"wp","href":"https:\/\/api.w.org\/{rel}","templated":true}]}}