{"id":8576,"date":"2024-01-22T15:19:33","date_gmt":"2024-01-22T18:19:33","guid":{"rendered":"https:\/\/guindani.com.br\/?post_type=product&#038;p=8576"},"modified":"2024-01-22T15:24:30","modified_gmt":"2024-01-22T18:24:30","slug":"32040","status":"publish","type":"product","link":"https:\/\/guindani.com.br\/?product=32040","title":{"rendered":"32040"},"content":{"rendered":"<p>Brinco AU 750 43 pts diamante<\/p>\n<p><em>Tamb\u00e9m dispon\u00edvel em Zirc\u00f4nias<\/em><\/p>\n<p>Peso m\u00e9dio: 5,04 g<\/p>\n","protected":false},"excerpt":{"rendered":"<p>Brinco AU 750 43 pts diamante<\/p>\n<p><em>Tamb\u00e9m dispon\u00edvel em Zirc\u00f4nias<\/em><\/p>\n<p>Peso m\u00e9dio: 5,04 g<\/p>\n","protected":false},"featured_media":8578,"comment_status":"closed","ping_status":"closed","template":"","meta":[],"product_brand":[],"product_cat":[260,10,23],"product_tag":[],"class_list":{"0":"post-8576","1":"product","2":"type-product","3":"status-publish","4":"has-post-thumbnail","6":"product_cat-lancamentos","7":"product_cat-brincos","8":"product_cat-com-brilhante-brincos","9":"pa_brilhante-ou-zirconia-com-brilhante","10":"pa_brilhante-ou-zirconia-com-zirconia","11":"blog-left-layout","12":"blog-style-postblock","13":"","14":"blog-alt-odd","16":"first","17":"instock","18":"taxable","19":"shipping-taxable","20":"purchasable","21":"product-type-variable"},"_links":{"self":[{"href":"https:\/\/guindani.com.br\/index.php?rest_route=\/wp\/v2\/product\/8576","targetHints":{"allow":["GET"]}}],"collection":[{"href":"https:\/\/guindani.com.br\/index.php?rest_route=\/wp\/v2\/product"}],"about":[{"href":"https:\/\/guindani.com.br\/index.php?rest_route=\/wp\/v2\/types\/product"}],"replies":[{"embeddable":true,"href":"https:\/\/guindani.com.br\/index.php?rest_route=%2Fwp%2Fv2%2Fcomments&post=8576"}],"wp:featuredmedia":[{"embeddable":true,"href":"https:\/\/guindani.com.br\/index.php?rest_route=\/wp\/v2\/media\/8578"}],"wp:attachment":[{"href":"https:\/\/guindani.com.br\/index.php?rest_route=%2Fwp%2Fv2%2Fmedia&parent=8576"}],"wp:term":[{"taxonomy":"product_brand","embeddable":true,"href":"https:\/\/guindani.com.br\/index.php?rest_route=%2Fwp%2Fv2%2Fproduct_brand&post=8576"},{"taxonomy":"product_cat","embeddable":true,"href":"https:\/\/guindani.com.br\/index.php?rest_route=%2Fwp%2Fv2%2Fproduct_cat&post=8576"},{"taxonomy":"product_tag","embeddable":true,"href":"https:\/\/guindani.com.br\/index.php?rest_route=%2Fwp%2Fv2%2Fproduct_tag&post=8576"}],"curies":[{"name":"wp","href":"https:\/\/api.w.org\/{rel}","templated":true}]}}