{"id":8434,"date":"2023-07-07T16:10:25","date_gmt":"2023-07-07T19:10:25","guid":{"rendered":"https:\/\/guindani.com.br\/?post_type=product&#038;p=8434"},"modified":"2023-07-07T16:10:25","modified_gmt":"2023-07-07T19:10:25","slug":"90539","status":"publish","type":"product","link":"https:\/\/guindani.com.br\/?product=90539","title":{"rendered":"90539"},"content":{"rendered":"<p>Pulseira AU 750 Bracelete &#8220;T&#8221; 0,22kd diamante<\/p>\n<p>Tamb\u00e9m dispon\u00edvel em zirc\u00f4nias<\/p>\n<p>Peso m\u00e9dio 7,11 g<\/p>\n","protected":false},"excerpt":{"rendered":"<p>Pulseira AU 750 Bracelete &#8220;T&#8221; 0,22kd diamante<\/p>\n<p>Tamb\u00e9m dispon\u00edvel em zirc\u00f4nias<\/p>\n<p>Peso m\u00e9dio 7,11 g<\/p>\n","protected":false},"featured_media":8436,"comment_status":"closed","ping_status":"closed","template":"","meta":[],"product_brand":[],"product_cat":[260,43,15,220,219,45],"product_tag":[],"class_list":{"0":"post-8434","1":"product","2":"type-product","3":"status-publish","4":"has-post-thumbnail","6":"product_cat-lancamentos","7":"product_cat-braceletes","8":"product_cat-pulseiras","9":"product_cat-com-brilhante-pulseiras","10":"product_cat-com-zirconia-pulseiras","11":"product_cat-pulseiras-pulseiras","12":"pa_brilhante-ou-zirconia-com-brilhante","13":"pa_brilhante-ou-zirconia-com-zirconia","14":"blog-left-layout","15":"blog-style-postblock","16":"","17":"blog-alt-odd","19":"first","20":"instock","21":"taxable","22":"shipping-taxable","23":"purchasable","24":"product-type-variable"},"_links":{"self":[{"href":"https:\/\/guindani.com.br\/index.php?rest_route=\/wp\/v2\/product\/8434","targetHints":{"allow":["GET"]}}],"collection":[{"href":"https:\/\/guindani.com.br\/index.php?rest_route=\/wp\/v2\/product"}],"about":[{"href":"https:\/\/guindani.com.br\/index.php?rest_route=\/wp\/v2\/types\/product"}],"replies":[{"embeddable":true,"href":"https:\/\/guindani.com.br\/index.php?rest_route=%2Fwp%2Fv2%2Fcomments&post=8434"}],"wp:featuredmedia":[{"embeddable":true,"href":"https:\/\/guindani.com.br\/index.php?rest_route=\/wp\/v2\/media\/8436"}],"wp:attachment":[{"href":"https:\/\/guindani.com.br\/index.php?rest_route=%2Fwp%2Fv2%2Fmedia&parent=8434"}],"wp:term":[{"taxonomy":"product_brand","embeddable":true,"href":"https:\/\/guindani.com.br\/index.php?rest_route=%2Fwp%2Fv2%2Fproduct_brand&post=8434"},{"taxonomy":"product_cat","embeddable":true,"href":"https:\/\/guindani.com.br\/index.php?rest_route=%2Fwp%2Fv2%2Fproduct_cat&post=8434"},{"taxonomy":"product_tag","embeddable":true,"href":"https:\/\/guindani.com.br\/index.php?rest_route=%2Fwp%2Fv2%2Fproduct_tag&post=8434"}],"curies":[{"name":"wp","href":"https:\/\/api.w.org\/{rel}","templated":true}]}}