{"id":8419,"date":"2023-07-07T15:53:30","date_gmt":"2023-07-07T18:53:30","guid":{"rendered":"https:\/\/guindani.com.br\/?post_type=product&#038;p=8419"},"modified":"2024-07-30T11:38:43","modified_gmt":"2024-07-30T14:38:43","slug":"90535","status":"publish","type":"product","link":"https:\/\/guindani.com.br\/?product=90535","title":{"rendered":"90535"},"content":{"rendered":"<p>Pulseira AU 750 Bracelete Tr\u00eas fios e 0,06kd diamante<\/p>\n<p><em>Tamb\u00e9m dispon\u00edvel em zirc\u00f4nias<\/em><\/p>\n<p>Peso m\u00e9dio 5,51 g<\/p>\n","protected":false},"excerpt":{"rendered":"<p>Pulseira AU 750 Bracelete Tr\u00eas fios e 0,06kd diamante<\/p>\n<p><em>Tamb\u00e9m dispon\u00edvel em zirc\u00f4nias<\/em><\/p>\n<p>Peso m\u00e9dio 5,51 g<\/p>\n","protected":false},"featured_media":8421,"comment_status":"closed","ping_status":"closed","template":"","meta":[],"product_brand":[],"product_cat":[43,15,220,219],"product_tag":[],"class_list":{"0":"post-8419","1":"product","2":"type-product","3":"status-publish","4":"has-post-thumbnail","6":"product_cat-braceletes","7":"product_cat-pulseiras","8":"product_cat-com-brilhante-pulseiras","9":"product_cat-com-zirconia-pulseiras","10":"pa_brilhante-ou-zirconia-com-brilhante","11":"pa_brilhante-ou-zirconia-com-zirconia","12":"blog-left-layout","13":"blog-style-postblock","14":"","15":"blog-alt-odd","17":"first","18":"instock","19":"taxable","20":"shipping-taxable","21":"purchasable","22":"product-type-variable"},"_links":{"self":[{"href":"https:\/\/guindani.com.br\/index.php?rest_route=\/wp\/v2\/product\/8419","targetHints":{"allow":["GET"]}}],"collection":[{"href":"https:\/\/guindani.com.br\/index.php?rest_route=\/wp\/v2\/product"}],"about":[{"href":"https:\/\/guindani.com.br\/index.php?rest_route=\/wp\/v2\/types\/product"}],"replies":[{"embeddable":true,"href":"https:\/\/guindani.com.br\/index.php?rest_route=%2Fwp%2Fv2%2Fcomments&post=8419"}],"wp:featuredmedia":[{"embeddable":true,"href":"https:\/\/guindani.com.br\/index.php?rest_route=\/wp\/v2\/media\/8421"}],"wp:attachment":[{"href":"https:\/\/guindani.com.br\/index.php?rest_route=%2Fwp%2Fv2%2Fmedia&parent=8419"}],"wp:term":[{"taxonomy":"product_brand","embeddable":true,"href":"https:\/\/guindani.com.br\/index.php?rest_route=%2Fwp%2Fv2%2Fproduct_brand&post=8419"},{"taxonomy":"product_cat","embeddable":true,"href":"https:\/\/guindani.com.br\/index.php?rest_route=%2Fwp%2Fv2%2Fproduct_cat&post=8419"},{"taxonomy":"product_tag","embeddable":true,"href":"https:\/\/guindani.com.br\/index.php?rest_route=%2Fwp%2Fv2%2Fproduct_tag&post=8419"}],"curies":[{"name":"wp","href":"https:\/\/api.w.org\/{rel}","templated":true}]}}