{"id":8358,"date":"2023-07-06T17:39:24","date_gmt":"2023-07-06T20:39:24","guid":{"rendered":"https:\/\/guindani.com.br\/?post_type=product&#038;p=8358"},"modified":"2024-07-30T11:39:44","modified_gmt":"2024-07-30T14:39:44","slug":"90532","status":"publish","type":"product","link":"https:\/\/guindani.com.br\/?product=90532","title":{"rendered":"90532"},"content":{"rendered":"<p>Pulseira AU 750 cora\u00e7\u00e3o zirc\u00f4nia e 0,90kd diamante<\/p>\n<p><em>Tamb\u00e9m dispon\u00edvel toda em zirc\u00f4nias<\/em><\/p>\n<p>Peso m\u00e9dio 5,55 g<\/p>\n","protected":false},"excerpt":{"rendered":"<p>Pulseira AU 750 cora\u00e7\u00e3o zirc\u00f4nia e 0,90kd diamante<\/p>\n<p>Tamb\u00e9m dispon\u00edvel todo em zirc\u00f4nias<\/p>\n<p>Peso m\u00e9dio 5,55 g<\/p>\n","protected":false},"featured_media":8360,"comment_status":"closed","ping_status":"closed","template":"","meta":[],"product_brand":[],"product_cat":[15,220,219],"product_tag":[],"class_list":{"0":"post-8358","1":"product","2":"type-product","3":"status-publish","4":"has-post-thumbnail","6":"product_cat-pulseiras","7":"product_cat-com-brilhante-pulseiras","8":"product_cat-com-zirconia-pulseiras","9":"pa_brilhante-ou-zirconia-com-brilhante","10":"pa_brilhante-ou-zirconia-com-zirconia","11":"blog-left-layout","12":"blog-style-postblock","13":"","14":"blog-alt-odd","16":"first","17":"instock","18":"taxable","19":"shipping-taxable","20":"purchasable","21":"product-type-variable"},"_links":{"self":[{"href":"https:\/\/guindani.com.br\/index.php?rest_route=\/wp\/v2\/product\/8358","targetHints":{"allow":["GET"]}}],"collection":[{"href":"https:\/\/guindani.com.br\/index.php?rest_route=\/wp\/v2\/product"}],"about":[{"href":"https:\/\/guindani.com.br\/index.php?rest_route=\/wp\/v2\/types\/product"}],"replies":[{"embeddable":true,"href":"https:\/\/guindani.com.br\/index.php?rest_route=%2Fwp%2Fv2%2Fcomments&post=8358"}],"wp:featuredmedia":[{"embeddable":true,"href":"https:\/\/guindani.com.br\/index.php?rest_route=\/wp\/v2\/media\/8360"}],"wp:attachment":[{"href":"https:\/\/guindani.com.br\/index.php?rest_route=%2Fwp%2Fv2%2Fmedia&parent=8358"}],"wp:term":[{"taxonomy":"product_brand","embeddable":true,"href":"https:\/\/guindani.com.br\/index.php?rest_route=%2Fwp%2Fv2%2Fproduct_brand&post=8358"},{"taxonomy":"product_cat","embeddable":true,"href":"https:\/\/guindani.com.br\/index.php?rest_route=%2Fwp%2Fv2%2Fproduct_cat&post=8358"},{"taxonomy":"product_tag","embeddable":true,"href":"https:\/\/guindani.com.br\/index.php?rest_route=%2Fwp%2Fv2%2Fproduct_tag&post=8358"}],"curies":[{"name":"wp","href":"https:\/\/api.w.org\/{rel}","templated":true}]}}