{"id":8349,"date":"2023-07-06T17:32:58","date_gmt":"2023-07-06T20:32:58","guid":{"rendered":"https:\/\/guindani.com.br\/?post_type=product&#038;p=8349"},"modified":"2024-07-30T11:40:07","modified_gmt":"2024-07-30T14:40:07","slug":"21681","status":"publish","type":"product","link":"https:\/\/guindani.com.br\/?product=21681","title":{"rendered":"21681"},"content":{"rendered":"<p>Anel AU 750 cora\u00e7\u00e3o zirc\u00f4nia e 0,36kd diamante<\/p>\n<p><em>Tamb\u00e9m dispon\u00edvel todo em zirc\u00f4nias<\/em><\/p>\n<p>Peso m\u00e9dio 2,46 g<\/p>\n","protected":false},"excerpt":{"rendered":"<p>Anel AU 750 cora\u00e7\u00e3o zirc\u00f4nia e 0,36kd diamante<\/p>\n<p><em>Tamb\u00e9m dispon\u00edvel todo em zirc\u00f4nias<\/em><\/p>\n<p>Peso m\u00e9dio 2,46 g<\/p>\n","protected":false},"featured_media":8351,"comment_status":"closed","ping_status":"closed","template":"","meta":[],"product_brand":[],"product_cat":[8,18,20,66],"product_tag":[],"class_list":{"0":"post-8349","1":"product","2":"type-product","3":"status-publish","4":"has-post-thumbnail","6":"product_cat-aneis","7":"product_cat-com-brilhante","8":"product_cat-com-pedras-coloridas","9":"product_cat-com-zirconia","10":"pa_brilhante-ou-zirconia-com-brilhante","11":"pa_brilhante-ou-zirconia-com-zirconia","12":"blog-left-layout","13":"blog-style-postblock","14":"","15":"blog-alt-odd","17":"first","18":"instock","19":"taxable","20":"shipping-taxable","21":"purchasable","22":"product-type-variable"},"_links":{"self":[{"href":"https:\/\/guindani.com.br\/index.php?rest_route=\/wp\/v2\/product\/8349","targetHints":{"allow":["GET"]}}],"collection":[{"href":"https:\/\/guindani.com.br\/index.php?rest_route=\/wp\/v2\/product"}],"about":[{"href":"https:\/\/guindani.com.br\/index.php?rest_route=\/wp\/v2\/types\/product"}],"replies":[{"embeddable":true,"href":"https:\/\/guindani.com.br\/index.php?rest_route=%2Fwp%2Fv2%2Fcomments&post=8349"}],"wp:featuredmedia":[{"embeddable":true,"href":"https:\/\/guindani.com.br\/index.php?rest_route=\/wp\/v2\/media\/8351"}],"wp:attachment":[{"href":"https:\/\/guindani.com.br\/index.php?rest_route=%2Fwp%2Fv2%2Fmedia&parent=8349"}],"wp:term":[{"taxonomy":"product_brand","embeddable":true,"href":"https:\/\/guindani.com.br\/index.php?rest_route=%2Fwp%2Fv2%2Fproduct_brand&post=8349"},{"taxonomy":"product_cat","embeddable":true,"href":"https:\/\/guindani.com.br\/index.php?rest_route=%2Fwp%2Fv2%2Fproduct_cat&post=8349"},{"taxonomy":"product_tag","embeddable":true,"href":"https:\/\/guindani.com.br\/index.php?rest_route=%2Fwp%2Fv2%2Fproduct_tag&post=8349"}],"curies":[{"name":"wp","href":"https:\/\/api.w.org\/{rel}","templated":true}]}}