{"id":8346,"date":"2023-07-06T17:24:56","date_gmt":"2023-07-06T20:24:56","guid":{"rendered":"https:\/\/guindani.com.br\/?post_type=product&#038;p=8346"},"modified":"2024-07-30T11:40:14","modified_gmt":"2024-07-30T14:40:14","slug":"71145","status":"publish","type":"product","link":"https:\/\/guindani.com.br\/?product=71145","title":{"rendered":"71145"},"content":{"rendered":"<p>Pingente AU 750 Trevo 0,32kd diamante<\/p>\n<p>Tamb\u00e9m dispon\u00edvel em zirc\u00f4nias<\/p>\n<p>Peso m\u00e9dio 1,83 g<\/p>\n","protected":false},"excerpt":{"rendered":"<p>Pingente AU 750 Trevo 0,32kd diamante<\/p>\n<p>Tamb\u00e9m dispon\u00edvel em zirc\u00f4nias<\/p>\n<p>Peso m\u00e9dio 1,83 g<\/p>\n","protected":false},"featured_media":8347,"comment_status":"closed","ping_status":"closed","template":"","meta":[],"product_brand":[],"product_cat":[13,33,210],"product_tag":[],"class_list":{"0":"post-8346","1":"product","2":"type-product","3":"status-publish","4":"has-post-thumbnail","6":"product_cat-pingtentes","7":"product_cat-com-brilhante-pingtentes","8":"product_cat-com-zirconia-pingtentes","9":"pa_brilhante-ou-zirconia-com-brilhante","10":"pa_brilhante-ou-zirconia-com-zirconia","11":"blog-left-layout","12":"blog-style-postblock","13":"","14":"blog-alt-odd","16":"first","17":"instock","18":"taxable","19":"shipping-taxable","20":"purchasable","21":"product-type-variable"},"_links":{"self":[{"href":"https:\/\/guindani.com.br\/index.php?rest_route=\/wp\/v2\/product\/8346","targetHints":{"allow":["GET"]}}],"collection":[{"href":"https:\/\/guindani.com.br\/index.php?rest_route=\/wp\/v2\/product"}],"about":[{"href":"https:\/\/guindani.com.br\/index.php?rest_route=\/wp\/v2\/types\/product"}],"replies":[{"embeddable":true,"href":"https:\/\/guindani.com.br\/index.php?rest_route=%2Fwp%2Fv2%2Fcomments&post=8346"}],"wp:featuredmedia":[{"embeddable":true,"href":"https:\/\/guindani.com.br\/index.php?rest_route=\/wp\/v2\/media\/8347"}],"wp:attachment":[{"href":"https:\/\/guindani.com.br\/index.php?rest_route=%2Fwp%2Fv2%2Fmedia&parent=8346"}],"wp:term":[{"taxonomy":"product_brand","embeddable":true,"href":"https:\/\/guindani.com.br\/index.php?rest_route=%2Fwp%2Fv2%2Fproduct_brand&post=8346"},{"taxonomy":"product_cat","embeddable":true,"href":"https:\/\/guindani.com.br\/index.php?rest_route=%2Fwp%2Fv2%2Fproduct_cat&post=8346"},{"taxonomy":"product_tag","embeddable":true,"href":"https:\/\/guindani.com.br\/index.php?rest_route=%2Fwp%2Fv2%2Fproduct_tag&post=8346"}],"curies":[{"name":"wp","href":"https:\/\/api.w.org\/{rel}","templated":true}]}}