{"id":8334,"date":"2023-07-06T17:11:55","date_gmt":"2023-07-06T20:11:55","guid":{"rendered":"https:\/\/guindani.com.br\/?post_type=product&#038;p=8334"},"modified":"2023-07-06T17:11:55","modified_gmt":"2023-07-06T20:11:55","slug":"32025","status":"publish","type":"product","link":"https:\/\/guindani.com.br\/?product=32025","title":{"rendered":"32025"},"content":{"rendered":"<p>Brinco AU 750 tr\u00eas cora\u00e7\u00f5es brilhante e esmeralda<\/p>\n<p><em>Tamb\u00e9m dispon\u00edvel em zirc\u00f4nias<\/em><\/p>\n<p>Peso m\u00e9dio 6,05 g<\/p>\n<p>&nbsp;<\/p>\n","protected":false},"excerpt":{"rendered":"<p>Brinco AU 750 tr\u00eas cora\u00e7\u00f5es brilhante e esmeralda<\/p>\n<p><em>Tamb\u00e9m dispon\u00edvel em zirc\u00f4nias<\/em><\/p>\n<p>Peso m\u00e9dio 6,05 g<\/p>\n","protected":false},"featured_media":8336,"comment_status":"closed","ping_status":"closed","template":"","meta":[],"product_brand":[],"product_cat":[10,23,24,209],"product_tag":[],"class_list":{"0":"post-8334","1":"product","2":"type-product","3":"status-publish","4":"has-post-thumbnail","6":"product_cat-brincos","7":"product_cat-com-brilhante-brincos","8":"product_cat-com-pedras","9":"product_cat-com-zirconia-brincos","10":"pa_brilhante-ou-zirconia-com-brilhante","11":"pa_brilhante-ou-zirconia-com-zirconia","12":"blog-left-layout","13":"blog-style-postblock","14":"","15":"blog-alt-odd","17":"first","18":"instock","19":"taxable","20":"shipping-taxable","21":"purchasable","22":"product-type-variable"},"_links":{"self":[{"href":"https:\/\/guindani.com.br\/index.php?rest_route=\/wp\/v2\/product\/8334","targetHints":{"allow":["GET"]}}],"collection":[{"href":"https:\/\/guindani.com.br\/index.php?rest_route=\/wp\/v2\/product"}],"about":[{"href":"https:\/\/guindani.com.br\/index.php?rest_route=\/wp\/v2\/types\/product"}],"replies":[{"embeddable":true,"href":"https:\/\/guindani.com.br\/index.php?rest_route=%2Fwp%2Fv2%2Fcomments&post=8334"}],"wp:featuredmedia":[{"embeddable":true,"href":"https:\/\/guindani.com.br\/index.php?rest_route=\/wp\/v2\/media\/8336"}],"wp:attachment":[{"href":"https:\/\/guindani.com.br\/index.php?rest_route=%2Fwp%2Fv2%2Fmedia&parent=8334"}],"wp:term":[{"taxonomy":"product_brand","embeddable":true,"href":"https:\/\/guindani.com.br\/index.php?rest_route=%2Fwp%2Fv2%2Fproduct_brand&post=8334"},{"taxonomy":"product_cat","embeddable":true,"href":"https:\/\/guindani.com.br\/index.php?rest_route=%2Fwp%2Fv2%2Fproduct_cat&post=8334"},{"taxonomy":"product_tag","embeddable":true,"href":"https:\/\/guindani.com.br\/index.php?rest_route=%2Fwp%2Fv2%2Fproduct_tag&post=8334"}],"curies":[{"name":"wp","href":"https:\/\/api.w.org\/{rel}","templated":true}]}}