{"id":8330,"date":"2023-07-06T16:43:13","date_gmt":"2023-07-06T19:43:13","guid":{"rendered":"https:\/\/guindani.com.br\/?post_type=product&#038;p=8330"},"modified":"2023-07-06T16:44:49","modified_gmt":"2023-07-06T19:44:49","slug":"90533","status":"publish","type":"product","link":"https:\/\/guindani.com.br\/?product=90533","title":{"rendered":"90533"},"content":{"rendered":"<p>Pulseira AU 750 1,35kd diamante<\/p>\n<p><em>Tamb\u00e9m dispon\u00edvel em zirc\u00f4nias<\/em><\/p>\n<p>Peso m\u00e9dio 4,24 g<\/p>\n","protected":false},"excerpt":{"rendered":"<p>Pulseira AU 750 1,35kd diamante<\/p>\n<p><em>Tamb\u00e9m dispon\u00edvel em zirc\u00f4nias<\/em><\/p>\n<p>Peso m\u00e9dio 4,24 g<\/p>\n","protected":false},"featured_media":8333,"comment_status":"closed","ping_status":"closed","template":"","meta":[],"product_brand":[],"product_cat":[15,220,219],"product_tag":[],"class_list":{"0":"post-8330","1":"product","2":"type-product","3":"status-publish","4":"has-post-thumbnail","6":"product_cat-pulseiras","7":"product_cat-com-brilhante-pulseiras","8":"product_cat-com-zirconia-pulseiras","9":"pa_brilhante-ou-zirconia-com-brilhante","10":"pa_brilhante-ou-zirconia-com-zirconia","11":"blog-left-layout","12":"blog-style-postblock","13":"","14":"blog-alt-odd","16":"first","17":"instock","18":"taxable","19":"shipping-taxable","20":"purchasable","21":"product-type-variable"},"_links":{"self":[{"href":"https:\/\/guindani.com.br\/index.php?rest_route=\/wp\/v2\/product\/8330","targetHints":{"allow":["GET"]}}],"collection":[{"href":"https:\/\/guindani.com.br\/index.php?rest_route=\/wp\/v2\/product"}],"about":[{"href":"https:\/\/guindani.com.br\/index.php?rest_route=\/wp\/v2\/types\/product"}],"replies":[{"embeddable":true,"href":"https:\/\/guindani.com.br\/index.php?rest_route=%2Fwp%2Fv2%2Fcomments&post=8330"}],"wp:featuredmedia":[{"embeddable":true,"href":"https:\/\/guindani.com.br\/index.php?rest_route=\/wp\/v2\/media\/8333"}],"wp:attachment":[{"href":"https:\/\/guindani.com.br\/index.php?rest_route=%2Fwp%2Fv2%2Fmedia&parent=8330"}],"wp:term":[{"taxonomy":"product_brand","embeddable":true,"href":"https:\/\/guindani.com.br\/index.php?rest_route=%2Fwp%2Fv2%2Fproduct_brand&post=8330"},{"taxonomy":"product_cat","embeddable":true,"href":"https:\/\/guindani.com.br\/index.php?rest_route=%2Fwp%2Fv2%2Fproduct_cat&post=8330"},{"taxonomy":"product_tag","embeddable":true,"href":"https:\/\/guindani.com.br\/index.php?rest_route=%2Fwp%2Fv2%2Fproduct_tag&post=8330"}],"curies":[{"name":"wp","href":"https:\/\/api.w.org\/{rel}","templated":true}]}}