{"id":8294,"date":"2023-07-06T15:54:10","date_gmt":"2023-07-06T18:54:10","guid":{"rendered":"https:\/\/guindani.com.br\/?post_type=product&#038;p=8294"},"modified":"2023-07-06T15:54:48","modified_gmt":"2023-07-06T18:54:48","slug":"21680","status":"publish","type":"product","link":"https:\/\/guindani.com.br\/?product=21680","title":{"rendered":"21680"},"content":{"rendered":"<p>Anel AU 750 tr\u00eas cora\u00e7\u00f5es<\/p>\n<p>zirc\u00f4nias ou 0,07kd diamantes<\/p>\n<p>Peso m\u00e9dio: 0,91g<\/p>\n","protected":false},"excerpt":{"rendered":"<p>Anel AU 750 tr\u00eas cora\u00e7\u00f5es<\/p>\n<p>zirc\u00f4nias ou 0,07kd diamantes<\/p>\n<p>Peso m\u00e9dio: 0,91g<\/p>\n","protected":false},"featured_media":8295,"comment_status":"closed","ping_status":"closed","template":"","meta":[],"product_brand":[],"product_cat":[8,18,66],"product_tag":[],"class_list":{"0":"post-8294","1":"product","2":"type-product","3":"status-publish","4":"has-post-thumbnail","6":"product_cat-aneis","7":"product_cat-com-brilhante","8":"product_cat-com-zirconia","9":"pa_brilhante-ou-zirconia-com-brilhante","10":"pa_brilhante-ou-zirconia-com-zirconia","11":"pa_tamanho-64","12":"pa_tamanho-65","13":"pa_tamanho-74","14":"pa_tamanho-75","15":"pa_tamanho-76","16":"pa_tamanho-77","17":"pa_tamanho-78","18":"pa_tamanho-79","19":"pa_tamanho-80","20":"pa_tamanho-81","21":"pa_tamanho-82","22":"pa_tamanho-83","23":"pa_tamanho-84","24":"pa_tamanho-85","25":"pa_tamanho-86","26":"blog-left-layout","27":"blog-style-postblock","28":"","29":"blog-alt-odd","31":"first","32":"instock","33":"taxable","34":"shipping-taxable","35":"purchasable","36":"product-type-variable"},"_links":{"self":[{"href":"https:\/\/guindani.com.br\/index.php?rest_route=\/wp\/v2\/product\/8294","targetHints":{"allow":["GET"]}}],"collection":[{"href":"https:\/\/guindani.com.br\/index.php?rest_route=\/wp\/v2\/product"}],"about":[{"href":"https:\/\/guindani.com.br\/index.php?rest_route=\/wp\/v2\/types\/product"}],"replies":[{"embeddable":true,"href":"https:\/\/guindani.com.br\/index.php?rest_route=%2Fwp%2Fv2%2Fcomments&post=8294"}],"wp:featuredmedia":[{"embeddable":true,"href":"https:\/\/guindani.com.br\/index.php?rest_route=\/wp\/v2\/media\/8295"}],"wp:attachment":[{"href":"https:\/\/guindani.com.br\/index.php?rest_route=%2Fwp%2Fv2%2Fmedia&parent=8294"}],"wp:term":[{"taxonomy":"product_brand","embeddable":true,"href":"https:\/\/guindani.com.br\/index.php?rest_route=%2Fwp%2Fv2%2Fproduct_brand&post=8294"},{"taxonomy":"product_cat","embeddable":true,"href":"https:\/\/guindani.com.br\/index.php?rest_route=%2Fwp%2Fv2%2Fproduct_cat&post=8294"},{"taxonomy":"product_tag","embeddable":true,"href":"https:\/\/guindani.com.br\/index.php?rest_route=%2Fwp%2Fv2%2Fproduct_tag&post=8294"}],"curies":[{"name":"wp","href":"https:\/\/api.w.org\/{rel}","templated":true}]}}