{"id":8179,"date":"2022-11-03T15:45:25","date_gmt":"2022-11-03T17:45:25","guid":{"rendered":"http:\/\/guindani.com.br\/?post_type=product&#038;p=8179"},"modified":"2022-11-03T15:47:23","modified_gmt":"2022-11-03T17:47:23","slug":"4024487","status":"publish","type":"product","link":"https:\/\/guindani.com.br\/?product=4024487","title":{"rendered":"4024487"},"content":{"rendered":"<p>Colar AU 750 Grumet com tr\u00eas elos cravejados<\/p>\n<p>0,40kd Diamante<\/p>\n<p><em>Tamb\u00e9m dispon\u00edvel em ZIrc\u00f4nias<\/em><\/p>\n<p>Peso m\u00e9dio: 16,62 g<\/p>\n","protected":false},"excerpt":{"rendered":"<p>Colar AU 750 Grumet com tr\u00eas elos cravejados<\/p>\n<p>0,40kd Diamante<\/p>\n<p><em>Tamb\u00e9m dispon\u00edvel em ZIrc\u00f4nias<\/em><\/p>\n<p>Peso m\u00e9dio: 16,62 g<\/p>\n","protected":false},"featured_media":8183,"comment_status":"closed","ping_status":"closed","template":"","meta":[],"product_brand":[],"product_cat":[260,11,251,12,29,218,292],"product_tag":[],"class_list":{"0":"post-8179","1":"product","2":"type-product","3":"status-publish","4":"has-post-thumbnail","6":"product_cat-lancamentos","7":"product_cat-correntes","8":"product_cat-ocas","9":"product_cat-gargantilhas","10":"product_cat-com-brilhante-gargantilhas","11":"product_cat-com-zirconia-gargantilhas","12":"product_cat-grumet-oca","13":"pa_brilhante-ou-zirconia-com-brilhante","14":"pa_brilhante-ou-zirconia-com-zirconia","15":"blog-left-layout","16":"blog-style-postblock","17":"","18":"blog-alt-odd","20":"first","21":"instock","22":"taxable","23":"shipping-taxable","24":"purchasable","25":"product-type-variable"},"_links":{"self":[{"href":"https:\/\/guindani.com.br\/index.php?rest_route=\/wp\/v2\/product\/8179","targetHints":{"allow":["GET"]}}],"collection":[{"href":"https:\/\/guindani.com.br\/index.php?rest_route=\/wp\/v2\/product"}],"about":[{"href":"https:\/\/guindani.com.br\/index.php?rest_route=\/wp\/v2\/types\/product"}],"replies":[{"embeddable":true,"href":"https:\/\/guindani.com.br\/index.php?rest_route=%2Fwp%2Fv2%2Fcomments&post=8179"}],"wp:featuredmedia":[{"embeddable":true,"href":"https:\/\/guindani.com.br\/index.php?rest_route=\/wp\/v2\/media\/8183"}],"wp:attachment":[{"href":"https:\/\/guindani.com.br\/index.php?rest_route=%2Fwp%2Fv2%2Fmedia&parent=8179"}],"wp:term":[{"taxonomy":"product_brand","embeddable":true,"href":"https:\/\/guindani.com.br\/index.php?rest_route=%2Fwp%2Fv2%2Fproduct_brand&post=8179"},{"taxonomy":"product_cat","embeddable":true,"href":"https:\/\/guindani.com.br\/index.php?rest_route=%2Fwp%2Fv2%2Fproduct_cat&post=8179"},{"taxonomy":"product_tag","embeddable":true,"href":"https:\/\/guindani.com.br\/index.php?rest_route=%2Fwp%2Fv2%2Fproduct_tag&post=8179"}],"curies":[{"name":"wp","href":"https:\/\/api.w.org\/{rel}","templated":true}]}}