{"id":8174,"date":"2022-11-03T15:40:51","date_gmt":"2022-11-03T17:40:51","guid":{"rendered":"http:\/\/guindani.com.br\/?post_type=product&#038;p=8174"},"modified":"2022-11-03T15:47:44","modified_gmt":"2022-11-03T17:47:44","slug":"4024482","status":"publish","type":"product","link":"https:\/\/guindani.com.br\/?product=4024482","title":{"rendered":"4024482"},"content":{"rendered":"<p>Pulseira AU 750 Grumet com um elo cravejado<\/p>\n<p>0,13kd Diamante<\/p>\n<p><em>Tamb\u00e9m dispon\u00edvel em ZIrc\u00f4nias<\/em><\/p>\n<p>Peso m\u00e9dio: 7,04 g<\/p>\n","protected":false},"excerpt":{"rendered":"<p>Pulseira AU 750 Grumet com um elo cravejado<\/p>\n<p>0,13kd Diamante<\/p>\n<p><em>Tamb\u00e9m dispon\u00edvel em ZIrc\u00f4nias<\/em><\/p>\n<p>Peso m\u00e9dio: 7,04 g<\/p>\n","protected":false},"featured_media":8177,"comment_status":"closed","ping_status":"closed","template":"","meta":[],"product_brand":[],"product_cat":[260,15,220,219],"product_tag":[],"class_list":{"0":"post-8174","1":"product","2":"type-product","3":"status-publish","4":"has-post-thumbnail","6":"product_cat-lancamentos","7":"product_cat-pulseiras","8":"product_cat-com-brilhante-pulseiras","9":"product_cat-com-zirconia-pulseiras","10":"pa_brilhante-ou-zirconia-com-brilhante","11":"pa_brilhante-ou-zirconia-com-zirconia","12":"blog-left-layout","13":"blog-style-postblock","14":"","15":"blog-alt-odd","17":"first","18":"instock","19":"taxable","20":"shipping-taxable","21":"purchasable","22":"product-type-variable"},"_links":{"self":[{"href":"https:\/\/guindani.com.br\/index.php?rest_route=\/wp\/v2\/product\/8174","targetHints":{"allow":["GET"]}}],"collection":[{"href":"https:\/\/guindani.com.br\/index.php?rest_route=\/wp\/v2\/product"}],"about":[{"href":"https:\/\/guindani.com.br\/index.php?rest_route=\/wp\/v2\/types\/product"}],"replies":[{"embeddable":true,"href":"https:\/\/guindani.com.br\/index.php?rest_route=%2Fwp%2Fv2%2Fcomments&post=8174"}],"wp:featuredmedia":[{"embeddable":true,"href":"https:\/\/guindani.com.br\/index.php?rest_route=\/wp\/v2\/media\/8177"}],"wp:attachment":[{"href":"https:\/\/guindani.com.br\/index.php?rest_route=%2Fwp%2Fv2%2Fmedia&parent=8174"}],"wp:term":[{"taxonomy":"product_brand","embeddable":true,"href":"https:\/\/guindani.com.br\/index.php?rest_route=%2Fwp%2Fv2%2Fproduct_brand&post=8174"},{"taxonomy":"product_cat","embeddable":true,"href":"https:\/\/guindani.com.br\/index.php?rest_route=%2Fwp%2Fv2%2Fproduct_cat&post=8174"},{"taxonomy":"product_tag","embeddable":true,"href":"https:\/\/guindani.com.br\/index.php?rest_route=%2Fwp%2Fv2%2Fproduct_tag&post=8174"}],"curies":[{"name":"wp","href":"https:\/\/api.w.org\/{rel}","templated":true}]}}