{"id":8171,"date":"2022-11-03T15:30:53","date_gmt":"2022-11-03T18:30:53","guid":{"rendered":"http:\/\/guindani.com.br\/?post_type=product&#038;p=8171"},"modified":"2024-07-30T11:45:50","modified_gmt":"2024-07-30T14:45:50","slug":"90528","status":"publish","type":"product","link":"https:\/\/guindani.com.br\/?product=90528","title":{"rendered":"90528"},"content":{"rendered":"<p>Bracelete AU 750 0,65kd diamantes<\/p>\n<p>Tamb\u00e9m dispon\u00edvel em zirc\u00f4nias<\/p>\n<p>Peso m\u00e9dio: 6,10 g<\/p>\n","protected":false},"excerpt":{"rendered":"<p>Bracelete AU 750 0,65kd diamantes<\/p>\n<p>Tamb\u00e9m dispon\u00edvel em zirc\u00f4nias<\/p>\n<p>Peso m\u00e9dio: 6,10 g<\/p>\n","protected":false},"featured_media":8173,"comment_status":"closed","ping_status":"closed","template":"","meta":[],"product_brand":[],"product_cat":[43,15,220,219],"product_tag":[],"class_list":{"0":"post-8171","1":"product","2":"type-product","3":"status-publish","4":"has-post-thumbnail","6":"product_cat-braceletes","7":"product_cat-pulseiras","8":"product_cat-com-brilhante-pulseiras","9":"product_cat-com-zirconia-pulseiras","10":"pa_brilhante-ou-zirconia-com-brilhante","11":"pa_brilhante-ou-zirconia-com-zirconia","12":"blog-left-layout","13":"blog-style-postblock","14":"","15":"blog-alt-odd","17":"first","18":"instock","19":"taxable","20":"shipping-taxable","21":"purchasable","22":"product-type-variable"},"_links":{"self":[{"href":"https:\/\/guindani.com.br\/index.php?rest_route=\/wp\/v2\/product\/8171","targetHints":{"allow":["GET"]}}],"collection":[{"href":"https:\/\/guindani.com.br\/index.php?rest_route=\/wp\/v2\/product"}],"about":[{"href":"https:\/\/guindani.com.br\/index.php?rest_route=\/wp\/v2\/types\/product"}],"replies":[{"embeddable":true,"href":"https:\/\/guindani.com.br\/index.php?rest_route=%2Fwp%2Fv2%2Fcomments&post=8171"}],"wp:featuredmedia":[{"embeddable":true,"href":"https:\/\/guindani.com.br\/index.php?rest_route=\/wp\/v2\/media\/8173"}],"wp:attachment":[{"href":"https:\/\/guindani.com.br\/index.php?rest_route=%2Fwp%2Fv2%2Fmedia&parent=8171"}],"wp:term":[{"taxonomy":"product_brand","embeddable":true,"href":"https:\/\/guindani.com.br\/index.php?rest_route=%2Fwp%2Fv2%2Fproduct_brand&post=8171"},{"taxonomy":"product_cat","embeddable":true,"href":"https:\/\/guindani.com.br\/index.php?rest_route=%2Fwp%2Fv2%2Fproduct_cat&post=8171"},{"taxonomy":"product_tag","embeddable":true,"href":"https:\/\/guindani.com.br\/index.php?rest_route=%2Fwp%2Fv2%2Fproduct_tag&post=8171"}],"curies":[{"name":"wp","href":"https:\/\/api.w.org\/{rel}","templated":true}]}}