{"id":8116,"date":"2022-11-03T10:48:45","date_gmt":"2022-11-03T13:48:45","guid":{"rendered":"http:\/\/guindani.com.br\/?post_type=product&#038;p=8116"},"modified":"2023-07-06T11:41:15","modified_gmt":"2023-07-06T14:41:15","slug":"31986","status":"publish","type":"product","link":"https:\/\/guindani.com.br\/?product=31986","title":{"rendered":"31986"},"content":{"rendered":"<p>Brinco AU 750 0,45kd Diamante<\/p>\n<p><em>Tamb\u00e9m dispon\u00edvel em zirc\u00f4nias<\/em><\/p>\n<p>Peso m\u00e9dio: 4,11g<\/p>\n","protected":false},"excerpt":{"rendered":"<p>Brinco AU 750 0,45kd Diamante<\/p>\n<p><em>Tamb\u00e9m dispon\u00edvel em zirc\u00f4nias<\/em><\/p>\n<p>Peso m\u00e9dio: 4,11g<\/p>\n","protected":false},"featured_media":8118,"comment_status":"closed","ping_status":"closed","template":"","meta":[],"product_brand":[],"product_cat":[10,23,209],"product_tag":[],"class_list":{"0":"post-8116","1":"product","2":"type-product","3":"status-publish","4":"has-post-thumbnail","6":"product_cat-brincos","7":"product_cat-com-brilhante-brincos","8":"product_cat-com-zirconia-brincos","9":"pa_brilhante-ou-zirconia-com-brilhante","10":"pa_brilhante-ou-zirconia-com-zirconia","11":"blog-left-layout","12":"blog-style-postblock","13":"","14":"blog-alt-odd","16":"first","17":"instock","18":"taxable","19":"shipping-taxable","20":"purchasable","21":"product-type-variable"},"_links":{"self":[{"href":"https:\/\/guindani.com.br\/index.php?rest_route=\/wp\/v2\/product\/8116","targetHints":{"allow":["GET"]}}],"collection":[{"href":"https:\/\/guindani.com.br\/index.php?rest_route=\/wp\/v2\/product"}],"about":[{"href":"https:\/\/guindani.com.br\/index.php?rest_route=\/wp\/v2\/types\/product"}],"replies":[{"embeddable":true,"href":"https:\/\/guindani.com.br\/index.php?rest_route=%2Fwp%2Fv2%2Fcomments&post=8116"}],"wp:featuredmedia":[{"embeddable":true,"href":"https:\/\/guindani.com.br\/index.php?rest_route=\/wp\/v2\/media\/8118"}],"wp:attachment":[{"href":"https:\/\/guindani.com.br\/index.php?rest_route=%2Fwp%2Fv2%2Fmedia&parent=8116"}],"wp:term":[{"taxonomy":"product_brand","embeddable":true,"href":"https:\/\/guindani.com.br\/index.php?rest_route=%2Fwp%2Fv2%2Fproduct_brand&post=8116"},{"taxonomy":"product_cat","embeddable":true,"href":"https:\/\/guindani.com.br\/index.php?rest_route=%2Fwp%2Fv2%2Fproduct_cat&post=8116"},{"taxonomy":"product_tag","embeddable":true,"href":"https:\/\/guindani.com.br\/index.php?rest_route=%2Fwp%2Fv2%2Fproduct_tag&post=8116"}],"curies":[{"name":"wp","href":"https:\/\/api.w.org\/{rel}","templated":true}]}}