{"id":8069,"date":"2022-11-01T17:33:19","date_gmt":"2022-11-01T20:33:19","guid":{"rendered":"http:\/\/guindani.com.br\/?post_type=product&#038;p=8069"},"modified":"2023-07-06T11:42:55","modified_gmt":"2023-07-06T14:42:55","slug":"31987","status":"publish","type":"product","link":"https:\/\/guindani.com.br\/?product=31987","title":{"rendered":"31987"},"content":{"rendered":"<p>Brinco AU 750 Brilhantes e Pedras Brasileiras Naturais<\/p>\n<p><em>Dispon\u00edvel tamb\u00e9m em zirc\u00f4nias<\/em><\/p>\n<p>Peso m\u00e9dio: 3,45g<\/p>\n","protected":false},"excerpt":{"rendered":"<p>Brinco AU 750 Brilhantes e Pedras Brasileiras Naturais<\/p>\n<p><em>Dispon\u00edvel tamb\u00e9m em zirc\u00f4nias<\/em><\/p>\n<p>Peso m\u00e9dio: 3,45g<\/p>\n","protected":false},"featured_media":8071,"comment_status":"closed","ping_status":"closed","template":"","meta":[],"product_brand":[],"product_cat":[10,23,24,209],"product_tag":[],"class_list":{"0":"post-8069","1":"product","2":"type-product","3":"status-publish","4":"has-post-thumbnail","6":"product_cat-brincos","7":"product_cat-com-brilhante-brincos","8":"product_cat-com-pedras","9":"product_cat-com-zirconia-brincos","10":"pa_brilhante-ou-zirconia-com-brilhante","11":"pa_brilhante-ou-zirconia-com-zirconia","12":"pa_pedras_brasileiras_nat-ametista-natural","13":"pa_pedras_brasileiras_nat-citrino-natural","14":"pa_pedras_brasileiras_nat-rodolita-natural","15":"pa_pedras_brasileiras_nat-topazio-azul-natural","16":"blog-left-layout","17":"blog-style-postblock","18":"","19":"blog-alt-odd","21":"first","22":"instock","23":"taxable","24":"shipping-taxable","25":"purchasable","26":"product-type-variable"},"_links":{"self":[{"href":"https:\/\/guindani.com.br\/index.php?rest_route=\/wp\/v2\/product\/8069","targetHints":{"allow":["GET"]}}],"collection":[{"href":"https:\/\/guindani.com.br\/index.php?rest_route=\/wp\/v2\/product"}],"about":[{"href":"https:\/\/guindani.com.br\/index.php?rest_route=\/wp\/v2\/types\/product"}],"replies":[{"embeddable":true,"href":"https:\/\/guindani.com.br\/index.php?rest_route=%2Fwp%2Fv2%2Fcomments&post=8069"}],"wp:featuredmedia":[{"embeddable":true,"href":"https:\/\/guindani.com.br\/index.php?rest_route=\/wp\/v2\/media\/8071"}],"wp:attachment":[{"href":"https:\/\/guindani.com.br\/index.php?rest_route=%2Fwp%2Fv2%2Fmedia&parent=8069"}],"wp:term":[{"taxonomy":"product_brand","embeddable":true,"href":"https:\/\/guindani.com.br\/index.php?rest_route=%2Fwp%2Fv2%2Fproduct_brand&post=8069"},{"taxonomy":"product_cat","embeddable":true,"href":"https:\/\/guindani.com.br\/index.php?rest_route=%2Fwp%2Fv2%2Fproduct_cat&post=8069"},{"taxonomy":"product_tag","embeddable":true,"href":"https:\/\/guindani.com.br\/index.php?rest_route=%2Fwp%2Fv2%2Fproduct_tag&post=8069"}],"curies":[{"name":"wp","href":"https:\/\/api.w.org\/{rel}","templated":true}]}}