{"id":8063,"date":"2022-11-01T17:14:14","date_gmt":"2022-11-01T20:14:14","guid":{"rendered":"http:\/\/guindani.com.br\/?post_type=product&#038;p=8063"},"modified":"2023-07-06T11:43:11","modified_gmt":"2023-07-06T14:43:11","slug":"31993","status":"publish","type":"product","link":"https:\/\/guindani.com.br\/?product=31993","title":{"rendered":"31993"},"content":{"rendered":"<p>Brinco AU 750 Brilhantes e Pedras Brasileiras Naturais<\/p>\n<p><em>Dispon\u00edvel tamb\u00e9m em zirc\u00f4nias\u00a0<\/em><\/p>\n<p>Peso: 3,02g<\/p>\n","protected":false},"excerpt":{"rendered":"<p>Brinco AU 750 Brilhantes e Pedras Brasileiras Naturais<\/p>\n<p><em>Dispon\u00edvel tamb\u00e9m em zirc\u00f4nias\u00a0<\/em><\/p>\n<p>Peso: 3,02g<\/p>\n","protected":false},"featured_media":8065,"comment_status":"closed","ping_status":"closed","template":"","meta":[],"product_brand":[],"product_cat":[10,23,24,209],"product_tag":[],"class_list":{"0":"post-8063","1":"product","2":"type-product","3":"status-publish","4":"has-post-thumbnail","6":"product_cat-brincos","7":"product_cat-com-brilhante-brincos","8":"product_cat-com-pedras","9":"product_cat-com-zirconia-brincos","10":"pa_brilhante-ou-zirconia-com-brilhante","11":"pa_brilhante-ou-zirconia-com-zirconia","12":"pa_pedras_brasileiras_nat-citrino-natural","13":"pa_pedras_brasileiras_nat-turmalina-rosa-natural","14":"blog-left-layout","15":"blog-style-postblock","16":"","17":"blog-alt-odd","19":"first","20":"instock","21":"taxable","22":"shipping-taxable","23":"purchasable","24":"product-type-variable"},"_links":{"self":[{"href":"https:\/\/guindani.com.br\/index.php?rest_route=\/wp\/v2\/product\/8063","targetHints":{"allow":["GET"]}}],"collection":[{"href":"https:\/\/guindani.com.br\/index.php?rest_route=\/wp\/v2\/product"}],"about":[{"href":"https:\/\/guindani.com.br\/index.php?rest_route=\/wp\/v2\/types\/product"}],"replies":[{"embeddable":true,"href":"https:\/\/guindani.com.br\/index.php?rest_route=%2Fwp%2Fv2%2Fcomments&post=8063"}],"wp:featuredmedia":[{"embeddable":true,"href":"https:\/\/guindani.com.br\/index.php?rest_route=\/wp\/v2\/media\/8065"}],"wp:attachment":[{"href":"https:\/\/guindani.com.br\/index.php?rest_route=%2Fwp%2Fv2%2Fmedia&parent=8063"}],"wp:term":[{"taxonomy":"product_brand","embeddable":true,"href":"https:\/\/guindani.com.br\/index.php?rest_route=%2Fwp%2Fv2%2Fproduct_brand&post=8063"},{"taxonomy":"product_cat","embeddable":true,"href":"https:\/\/guindani.com.br\/index.php?rest_route=%2Fwp%2Fv2%2Fproduct_cat&post=8063"},{"taxonomy":"product_tag","embeddable":true,"href":"https:\/\/guindani.com.br\/index.php?rest_route=%2Fwp%2Fv2%2Fproduct_tag&post=8063"}],"curies":[{"name":"wp","href":"https:\/\/api.w.org\/{rel}","templated":true}]}}