{"id":7984,"date":"2022-10-20T15:51:20","date_gmt":"2022-10-20T17:51:20","guid":{"rendered":"http:\/\/guindani.com.br\/?post_type=product&#038;p=7984"},"modified":"2022-10-20T15:54:43","modified_gmt":"2022-10-20T17:54:43","slug":"90513-2","status":"publish","type":"product","link":"https:\/\/guindani.com.br\/?product=90513-2","title":{"rendered":"90513"},"content":{"rendered":"<p>Pulseira AU 750 Cruz ,Pomba da Paz , Cora\u00e7\u00e3o e Nossa Senhora Aparecida<\/p>\n<p>0,41k de Diamante e 0,08k de Safira Azul<\/p>\n<p><em>Dispon\u00edvel tamb\u00e9m em zirc\u00f4nias<\/em><\/p>\n<p>Peso m\u00e9dio: 3,54 g<\/p>\n<p>&nbsp;<\/p>\n","protected":false},"excerpt":{"rendered":"<p>Pulseira AU 750 Cruz ,Pomba da Paz , Cora\u00e7\u00e3o e Nossa Senhora Aparecida<\/p>\n<p>0,41k de Diamante e 0,08k de Safira Azul<\/p>\n<p><em>Dispon\u00edvel tamb\u00e9m em zirc\u00f4nias<\/em><\/p>\n<p>Peso m\u00e9dio: 3,54 g<\/p>\n<p>&nbsp;<\/p>\n","protected":false},"featured_media":7986,"comment_status":"closed","ping_status":"closed","template":"","meta":[],"product_brand":[],"product_cat":[15,220,219],"product_tag":[],"class_list":{"0":"post-7984","1":"product","2":"type-product","3":"status-publish","4":"has-post-thumbnail","6":"product_cat-pulseiras","7":"product_cat-com-brilhante-pulseiras","8":"product_cat-com-zirconia-pulseiras","9":"pa_brilhante-ou-zirconia-com-brilhante","10":"pa_brilhante-ou-zirconia-com-zirconia","11":"blog-left-layout","12":"blog-style-postblock","13":"","14":"blog-alt-odd","16":"first","17":"instock","18":"taxable","19":"shipping-taxable","20":"purchasable","21":"product-type-variable"},"_links":{"self":[{"href":"https:\/\/guindani.com.br\/index.php?rest_route=\/wp\/v2\/product\/7984","targetHints":{"allow":["GET"]}}],"collection":[{"href":"https:\/\/guindani.com.br\/index.php?rest_route=\/wp\/v2\/product"}],"about":[{"href":"https:\/\/guindani.com.br\/index.php?rest_route=\/wp\/v2\/types\/product"}],"replies":[{"embeddable":true,"href":"https:\/\/guindani.com.br\/index.php?rest_route=%2Fwp%2Fv2%2Fcomments&post=7984"}],"wp:featuredmedia":[{"embeddable":true,"href":"https:\/\/guindani.com.br\/index.php?rest_route=\/wp\/v2\/media\/7986"}],"wp:attachment":[{"href":"https:\/\/guindani.com.br\/index.php?rest_route=%2Fwp%2Fv2%2Fmedia&parent=7984"}],"wp:term":[{"taxonomy":"product_brand","embeddable":true,"href":"https:\/\/guindani.com.br\/index.php?rest_route=%2Fwp%2Fv2%2Fproduct_brand&post=7984"},{"taxonomy":"product_cat","embeddable":true,"href":"https:\/\/guindani.com.br\/index.php?rest_route=%2Fwp%2Fv2%2Fproduct_cat&post=7984"},{"taxonomy":"product_tag","embeddable":true,"href":"https:\/\/guindani.com.br\/index.php?rest_route=%2Fwp%2Fv2%2Fproduct_tag&post=7984"}],"curies":[{"name":"wp","href":"https:\/\/api.w.org\/{rel}","templated":true}]}}