{"id":7980,"date":"2022-10-20T15:45:10","date_gmt":"2022-10-20T17:45:10","guid":{"rendered":"http:\/\/guindani.com.br\/?post_type=product&#038;p=7980"},"modified":"2022-11-01T10:45:38","modified_gmt":"2022-11-01T12:45:38","slug":"90511","status":"publish","type":"product","link":"https:\/\/guindani.com.br\/?product=90511","title":{"rendered":"90511"},"content":{"rendered":"<p>Pulseira AU 750 Cruz , Pomba da Paz e Nossa Senhora Aparecida<\/p>\n<p>0,05k de Diamante e 0,08k\u00a0 Safira Azul<\/p>\n<p><em>Dispon\u00edvel tamb\u00e9m em zirc\u00f4nias<\/em><\/p>\n<p>Peso m\u00e9dio: 2,15 g<\/p>\n","protected":false},"excerpt":{"rendered":"<p>Pulseira AU 750 Cruz , Pomba da Paz e Nossa Senhora Aparecida<\/p>\n<p>0,05k de Diamante e 0,08k\u00a0 Safira Azul<\/p>\n<p><em>Dispon\u00edvel tamb\u00e9m em zirc\u00f4nias<\/em><\/p>\n<p>Peso m\u00e9dio: 2,15 g<\/p>\n","protected":false},"featured_media":7983,"comment_status":"closed","ping_status":"closed","template":"","meta":[],"product_brand":[],"product_cat":[15,219],"product_tag":[],"class_list":{"0":"post-7980","1":"product","2":"type-product","3":"status-publish","4":"has-post-thumbnail","6":"product_cat-pulseiras","7":"product_cat-com-zirconia-pulseiras","8":"pa_brilhante-ou-zirconia-com-brilhante","9":"pa_brilhante-ou-zirconia-com-zirconia","10":"blog-left-layout","11":"blog-style-postblock","12":"","13":"blog-alt-odd","15":"first","16":"instock","17":"taxable","18":"shipping-taxable","19":"purchasable","20":"product-type-variable"},"_links":{"self":[{"href":"https:\/\/guindani.com.br\/index.php?rest_route=\/wp\/v2\/product\/7980","targetHints":{"allow":["GET"]}}],"collection":[{"href":"https:\/\/guindani.com.br\/index.php?rest_route=\/wp\/v2\/product"}],"about":[{"href":"https:\/\/guindani.com.br\/index.php?rest_route=\/wp\/v2\/types\/product"}],"replies":[{"embeddable":true,"href":"https:\/\/guindani.com.br\/index.php?rest_route=%2Fwp%2Fv2%2Fcomments&post=7980"}],"wp:featuredmedia":[{"embeddable":true,"href":"https:\/\/guindani.com.br\/index.php?rest_route=\/wp\/v2\/media\/7983"}],"wp:attachment":[{"href":"https:\/\/guindani.com.br\/index.php?rest_route=%2Fwp%2Fv2%2Fmedia&parent=7980"}],"wp:term":[{"taxonomy":"product_brand","embeddable":true,"href":"https:\/\/guindani.com.br\/index.php?rest_route=%2Fwp%2Fv2%2Fproduct_brand&post=7980"},{"taxonomy":"product_cat","embeddable":true,"href":"https:\/\/guindani.com.br\/index.php?rest_route=%2Fwp%2Fv2%2Fproduct_cat&post=7980"},{"taxonomy":"product_tag","embeddable":true,"href":"https:\/\/guindani.com.br\/index.php?rest_route=%2Fwp%2Fv2%2Fproduct_tag&post=7980"}],"curies":[{"name":"wp","href":"https:\/\/api.w.org\/{rel}","templated":true}]}}