{"id":7973,"date":"2022-10-20T14:05:59","date_gmt":"2022-10-20T17:05:59","guid":{"rendered":"http:\/\/guindani.com.br\/?post_type=product&#038;p=7973"},"modified":"2023-07-06T11:45:42","modified_gmt":"2023-07-06T14:45:42","slug":"60711","status":"publish","type":"product","link":"https:\/\/guindani.com.br\/?product=60711","title":{"rendered":"60711"},"content":{"rendered":"<p>Gargantilha AU 750 Cora\u00e7\u00f5es 0,075 kd diamante<\/p>\n<p><em>Dispon\u00edvel tamb\u00e9m em zirc\u00f4nias<\/em><\/p>\n<p>Peso m\u00e9dio: 2,07 g<\/p>\n","protected":false},"excerpt":{"rendered":"<p>Gargantilha AU 750 Cora\u00e7\u00f5es 0,075 kd diamante<\/p>\n<p><em>Dispon\u00edvel tamb\u00e9m em zirc\u00f4nias<\/em><\/p>\n<p>Peso m\u00e9dio: 2,07 g<\/p>\n","protected":false},"featured_media":7975,"comment_status":"closed","ping_status":"closed","template":"","meta":[],"product_brand":[],"product_cat":[12,29,218],"product_tag":[],"class_list":{"0":"post-7973","1":"product","2":"type-product","3":"status-publish","4":"has-post-thumbnail","6":"product_cat-gargantilhas","7":"product_cat-com-brilhante-gargantilhas","8":"product_cat-com-zirconia-gargantilhas","9":"pa_brilhante-ou-zirconia-com-brilhante","10":"pa_brilhante-ou-zirconia-com-zirconia","11":"blog-left-layout","12":"blog-style-postblock","13":"","14":"blog-alt-odd","16":"first","17":"instock","18":"taxable","19":"shipping-taxable","20":"purchasable","21":"product-type-variable"},"_links":{"self":[{"href":"https:\/\/guindani.com.br\/index.php?rest_route=\/wp\/v2\/product\/7973","targetHints":{"allow":["GET"]}}],"collection":[{"href":"https:\/\/guindani.com.br\/index.php?rest_route=\/wp\/v2\/product"}],"about":[{"href":"https:\/\/guindani.com.br\/index.php?rest_route=\/wp\/v2\/types\/product"}],"replies":[{"embeddable":true,"href":"https:\/\/guindani.com.br\/index.php?rest_route=%2Fwp%2Fv2%2Fcomments&post=7973"}],"wp:featuredmedia":[{"embeddable":true,"href":"https:\/\/guindani.com.br\/index.php?rest_route=\/wp\/v2\/media\/7975"}],"wp:attachment":[{"href":"https:\/\/guindani.com.br\/index.php?rest_route=%2Fwp%2Fv2%2Fmedia&parent=7973"}],"wp:term":[{"taxonomy":"product_brand","embeddable":true,"href":"https:\/\/guindani.com.br\/index.php?rest_route=%2Fwp%2Fv2%2Fproduct_brand&post=7973"},{"taxonomy":"product_cat","embeddable":true,"href":"https:\/\/guindani.com.br\/index.php?rest_route=%2Fwp%2Fv2%2Fproduct_cat&post=7973"},{"taxonomy":"product_tag","embeddable":true,"href":"https:\/\/guindani.com.br\/index.php?rest_route=%2Fwp%2Fv2%2Fproduct_tag&post=7973"}],"curies":[{"name":"wp","href":"https:\/\/api.w.org\/{rel}","templated":true}]}}