{"id":7839,"date":"2022-02-09T12:11:00","date_gmt":"2022-02-09T14:11:00","guid":{"rendered":"http:\/\/guindani.com.br\/?post_type=product&#038;p=7839"},"modified":"2022-10-20T13:13:06","modified_gmt":"2022-10-20T15:13:06","slug":"60703","status":"publish","type":"product","link":"https:\/\/guindani.com.br\/?product=60703","title":{"rendered":"60703"},"content":{"rendered":"<p>Gargantilha AU 750 cora\u00e7\u00f5es<\/p>\n<p>0,20krc, 0,20krsc e 0,19kd diamante<\/p>\n<p><em>Tamb\u00e9m dispon\u00edvel em pedras sint\u00e9ticas<\/em><\/p>\n<p>Peso m\u00e9dio: 3,18 g<\/p>\n<p>&nbsp;<\/p>\n","protected":false},"excerpt":{"rendered":"<p>Gargantilha AU 750 cora\u00e7\u00f5es<\/p>\n<p>0,20krc, 0,20krsc e 0,19kd diamante<\/p>\n<p><em>Tamb\u00e9m dispon\u00edvel em pedras sint\u00e9ticas<\/em><\/p>\n<p>Peso m\u00e9dio: 3,18 g<\/p>\n","protected":false},"featured_media":7841,"comment_status":"closed","ping_status":"closed","template":"","meta":[],"product_brand":[],"product_cat":[12,29,30,218],"product_tag":[],"class_list":{"0":"post-7839","1":"product","2":"type-product","3":"status-publish","4":"has-post-thumbnail","6":"product_cat-gargantilhas","7":"product_cat-com-brilhante-gargantilhas","8":"product_cat-com-pedras-gargantilhas","9":"product_cat-com-zirconia-gargantilhas","10":"pa_brilhante-ou-zirconia-com-brilhante","11":"pa_brilhante-ou-zirconia-com-zirconia","12":"blog-left-layout","13":"blog-style-postblock","14":"","15":"blog-alt-odd","17":"first","18":"instock","19":"taxable","20":"shipping-taxable","21":"purchasable","22":"product-type-variable"},"_links":{"self":[{"href":"https:\/\/guindani.com.br\/index.php?rest_route=\/wp\/v2\/product\/7839","targetHints":{"allow":["GET"]}}],"collection":[{"href":"https:\/\/guindani.com.br\/index.php?rest_route=\/wp\/v2\/product"}],"about":[{"href":"https:\/\/guindani.com.br\/index.php?rest_route=\/wp\/v2\/types\/product"}],"replies":[{"embeddable":true,"href":"https:\/\/guindani.com.br\/index.php?rest_route=%2Fwp%2Fv2%2Fcomments&post=7839"}],"wp:featuredmedia":[{"embeddable":true,"href":"https:\/\/guindani.com.br\/index.php?rest_route=\/wp\/v2\/media\/7841"}],"wp:attachment":[{"href":"https:\/\/guindani.com.br\/index.php?rest_route=%2Fwp%2Fv2%2Fmedia&parent=7839"}],"wp:term":[{"taxonomy":"product_brand","embeddable":true,"href":"https:\/\/guindani.com.br\/index.php?rest_route=%2Fwp%2Fv2%2Fproduct_brand&post=7839"},{"taxonomy":"product_cat","embeddable":true,"href":"https:\/\/guindani.com.br\/index.php?rest_route=%2Fwp%2Fv2%2Fproduct_cat&post=7839"},{"taxonomy":"product_tag","embeddable":true,"href":"https:\/\/guindani.com.br\/index.php?rest_route=%2Fwp%2Fv2%2Fproduct_tag&post=7839"}],"curies":[{"name":"wp","href":"https:\/\/api.w.org\/{rel}","templated":true}]}}