{"id":7524,"date":"2021-06-29T11:59:30","date_gmt":"2021-06-29T14:59:30","guid":{"rendered":"http:\/\/guindani.com.br\/?post_type=product&#038;p=7524"},"modified":"2022-10-20T13:19:45","modified_gmt":"2022-10-20T15:19:45","slug":"21-654","status":"publish","type":"product","link":"https:\/\/guindani.com.br\/?product=21-654","title":{"rendered":"21654"},"content":{"rendered":"<p>Anel AU 750 0,10kd diamante<\/p>\n<p><em>Dispon\u00edvel tamb\u00e9m em zirc\u00f4nia<\/em><\/p>\n<p>Peso m\u00e9dio: 0,88 g<\/p>\n","protected":false},"excerpt":{"rendered":"<p>Anel AU 750 0,10kd diamante<\/p>\n<p><em>Dispon\u00edvel tamb\u00e9m em zirc\u00f4nia<\/em><\/p>\n<p>Peso m\u00e9dio: 0,88 g<\/p>\n","protected":false},"featured_media":7527,"comment_status":"closed","ping_status":"closed","template":"","meta":[],"product_brand":[],"product_cat":[8,19,18,66],"product_tag":[],"class_list":{"0":"post-7524","1":"product","2":"type-product","3":"status-publish","4":"has-post-thumbnail","6":"product_cat-aneis","7":"product_cat-chuveiros-e-solitarios","8":"product_cat-com-brilhante","9":"product_cat-com-zirconia","10":"pa_brilhante-ou-zirconia-com-brilhante","11":"pa_brilhante-ou-zirconia-com-zirconia","12":"pa_tamanho-64","13":"pa_tamanho-65","14":"pa_tamanho-74","15":"pa_tamanho-75","16":"pa_tamanho-76","17":"pa_tamanho-77","18":"pa_tamanho-78","19":"pa_tamanho-79","20":"pa_tamanho-80","21":"pa_tamanho-81","22":"pa_tamanho-82","23":"pa_tamanho-83","24":"pa_tamanho-84","25":"pa_tamanho-85","26":"pa_tamanho-86","27":"blog-left-layout","28":"blog-style-postblock","29":"","30":"blog-alt-odd","32":"first","33":"instock","34":"taxable","35":"shipping-taxable","36":"purchasable","37":"product-type-variable"},"_links":{"self":[{"href":"https:\/\/guindani.com.br\/index.php?rest_route=\/wp\/v2\/product\/7524","targetHints":{"allow":["GET"]}}],"collection":[{"href":"https:\/\/guindani.com.br\/index.php?rest_route=\/wp\/v2\/product"}],"about":[{"href":"https:\/\/guindani.com.br\/index.php?rest_route=\/wp\/v2\/types\/product"}],"replies":[{"embeddable":true,"href":"https:\/\/guindani.com.br\/index.php?rest_route=%2Fwp%2Fv2%2Fcomments&post=7524"}],"wp:featuredmedia":[{"embeddable":true,"href":"https:\/\/guindani.com.br\/index.php?rest_route=\/wp\/v2\/media\/7527"}],"wp:attachment":[{"href":"https:\/\/guindani.com.br\/index.php?rest_route=%2Fwp%2Fv2%2Fmedia&parent=7524"}],"wp:term":[{"taxonomy":"product_brand","embeddable":true,"href":"https:\/\/guindani.com.br\/index.php?rest_route=%2Fwp%2Fv2%2Fproduct_brand&post=7524"},{"taxonomy":"product_cat","embeddable":true,"href":"https:\/\/guindani.com.br\/index.php?rest_route=%2Fwp%2Fv2%2Fproduct_cat&post=7524"},{"taxonomy":"product_tag","embeddable":true,"href":"https:\/\/guindani.com.br\/index.php?rest_route=%2Fwp%2Fv2%2Fproduct_tag&post=7524"}],"curies":[{"name":"wp","href":"https:\/\/api.w.org\/{rel}","templated":true}]}}