{"id":7473,"date":"2021-06-21T15:32:16","date_gmt":"2021-06-21T18:32:16","guid":{"rendered":"http:\/\/guindani.com.br\/?post_type=product&#038;p=7473"},"modified":"2022-02-09T17:41:31","modified_gmt":"2022-02-09T19:41:31","slug":"60-687","status":"publish","type":"product","link":"https:\/\/guindani.com.br\/?product=60-687","title":{"rendered":"60.687"},"content":{"rendered":"<p>Gargantilha AU 750 Cora\u00e7\u00e3o e p\u00e9rola<\/p>\n<p>Peso: 2,70 g<\/p>\n","protected":false},"excerpt":{"rendered":"<p>Gargantilha AU 750 Cora\u00e7\u00e3o e p\u00e9rola<\/p>\n<p>Peso: 2,70 g<\/p>\n","protected":false},"featured_media":7474,"comment_status":"closed","ping_status":"closed","template":"","meta":[],"product_brand":[],"product_cat":[12,31],"product_tag":[],"class_list":{"0":"post-7473","1":"product","2":"type-product","3":"status-publish","4":"has-post-thumbnail","6":"product_cat-gargantilhas","7":"product_cat-com-perola-gargantilhas","8":"blog-left-layout","9":"blog-style-postblock","10":"","11":"blog-alt-odd","13":"first","14":"instock","15":"taxable","16":"shipping-taxable","17":"purchasable","18":"product-type-simple"},"_links":{"self":[{"href":"https:\/\/guindani.com.br\/index.php?rest_route=\/wp\/v2\/product\/7473","targetHints":{"allow":["GET"]}}],"collection":[{"href":"https:\/\/guindani.com.br\/index.php?rest_route=\/wp\/v2\/product"}],"about":[{"href":"https:\/\/guindani.com.br\/index.php?rest_route=\/wp\/v2\/types\/product"}],"replies":[{"embeddable":true,"href":"https:\/\/guindani.com.br\/index.php?rest_route=%2Fwp%2Fv2%2Fcomments&post=7473"}],"wp:featuredmedia":[{"embeddable":true,"href":"https:\/\/guindani.com.br\/index.php?rest_route=\/wp\/v2\/media\/7474"}],"wp:attachment":[{"href":"https:\/\/guindani.com.br\/index.php?rest_route=%2Fwp%2Fv2%2Fmedia&parent=7473"}],"wp:term":[{"taxonomy":"product_brand","embeddable":true,"href":"https:\/\/guindani.com.br\/index.php?rest_route=%2Fwp%2Fv2%2Fproduct_brand&post=7473"},{"taxonomy":"product_cat","embeddable":true,"href":"https:\/\/guindani.com.br\/index.php?rest_route=%2Fwp%2Fv2%2Fproduct_cat&post=7473"},{"taxonomy":"product_tag","embeddable":true,"href":"https:\/\/guindani.com.br\/index.php?rest_route=%2Fwp%2Fv2%2Fproduct_tag&post=7473"}],"curies":[{"name":"wp","href":"https:\/\/api.w.org\/{rel}","templated":true}]}}