{"id":6952,"date":"2020-07-08T11:24:58","date_gmt":"2020-07-08T14:24:58","guid":{"rendered":"http:\/\/guindani.com.br\/?post_type=product&#038;p=6952"},"modified":"2020-09-22T13:31:30","modified_gmt":"2020-09-22T16:31:30","slug":"90-496","status":"publish","type":"product","link":"https:\/\/guindani.com.br\/?product=90-496","title":{"rendered":"90.496"},"content":{"rendered":"<p>Pulseira AU 750 Elos e cora\u00e7\u00e3o zirc\u00f4nia<\/p>\n<p>Peso m\u00e9dio: 8,38 g<\/p>\n","protected":false},"excerpt":{"rendered":"<p>Pulseira AU 750 Elos e cora\u00e7\u00e3o zirc\u00f4nia<\/p>\n<p>Peso m\u00e9dio: 8,38 g<\/p>\n","protected":false},"featured_media":6953,"comment_status":"open","ping_status":"closed","template":"","meta":[],"product_brand":[],"product_cat":[15,219,45],"product_tag":[],"class_list":{"0":"post-6952","1":"product","2":"type-product","3":"status-publish","4":"has-post-thumbnail","6":"product_cat-pulseiras","7":"product_cat-com-zirconia-pulseiras","8":"product_cat-pulseiras-pulseiras","9":"blog-left-layout","10":"blog-style-postblock","11":"","12":"blog-alt-odd","14":"first","15":"instock","16":"taxable","17":"shipping-taxable","18":"purchasable","19":"product-type-simple"},"_links":{"self":[{"href":"https:\/\/guindani.com.br\/index.php?rest_route=\/wp\/v2\/product\/6952","targetHints":{"allow":["GET"]}}],"collection":[{"href":"https:\/\/guindani.com.br\/index.php?rest_route=\/wp\/v2\/product"}],"about":[{"href":"https:\/\/guindani.com.br\/index.php?rest_route=\/wp\/v2\/types\/product"}],"replies":[{"embeddable":true,"href":"https:\/\/guindani.com.br\/index.php?rest_route=%2Fwp%2Fv2%2Fcomments&post=6952"}],"wp:featuredmedia":[{"embeddable":true,"href":"https:\/\/guindani.com.br\/index.php?rest_route=\/wp\/v2\/media\/6953"}],"wp:attachment":[{"href":"https:\/\/guindani.com.br\/index.php?rest_route=%2Fwp%2Fv2%2Fmedia&parent=6952"}],"wp:term":[{"taxonomy":"product_brand","embeddable":true,"href":"https:\/\/guindani.com.br\/index.php?rest_route=%2Fwp%2Fv2%2Fproduct_brand&post=6952"},{"taxonomy":"product_cat","embeddable":true,"href":"https:\/\/guindani.com.br\/index.php?rest_route=%2Fwp%2Fv2%2Fproduct_cat&post=6952"},{"taxonomy":"product_tag","embeddable":true,"href":"https:\/\/guindani.com.br\/index.php?rest_route=%2Fwp%2Fv2%2Fproduct_tag&post=6952"}],"curies":[{"name":"wp","href":"https:\/\/api.w.org\/{rel}","templated":true}]}}