{"id":12,"date":"2016-12-27T15:15:09","date_gmt":"2016-12-27T17:15:09","guid":{"rendered":"http:\/\/guindani.com.br\/?page_id=12"},"modified":"2026-04-02T14:22:40","modified_gmt":"2026-04-02T17:22:40","slug":"empresa","status":"publish","type":"page","link":"https:\/\/guindani.com.br\/?page_id=12","title":{"rendered":"EMPRESA"},"content":{"rendered":"<p>&nbsp;<\/p>\n<p style=\"text-align: left;\">\u00a0<img loading=\"lazy\" decoding=\"async\" class=\"aligncenter wp-image-173 \" src=\"https:\/\/guindani.com.br\/wp-content\/uploads\/2016\/12\/imagem-empresa-guindani-1-1024x351.jpg\" width=\"575\" height=\"197\" \/><\/p>\n<p style=\"text-align: center;\">Atuando h\u00e1 mais de 65 anos no mercado, a Guindani soube construir uma marca significativa no ramo joalheiro.<\/p>\n<p style=\"text-align: center;\">Origin\u00e1ria do Rio Grande de Sul, atua em todo territ\u00f3rio Nacional, com presen\u00e7a marcante nas principais joalherias do Pa\u00eds.<\/p>\n<p style=\"text-align: center;\">Investindo sempre em tecnologia e agregando design pr\u00f3prio, desenvolve joias de beleza impar, atendendo os mais variados segmentos do setor.<\/p>\n<p style=\"text-align: center;\">Participa das principais feiras nacionais do segmento joalheiro.<\/p>\n<p style=\"text-align: center;\">Solicite a visita de um de nossos representantes e disponibilize a seus clientes todo requinte e sofistica\u00e7\u00e3o das joias Guindani.<\/p>\n<ul class=\"guindani-obl-list\" style=\"color: rgba(0,0,0,0);\">\n<li class=\"guindani-obl-item\">\n    <a href=\"https:\/\/guindani.com.br\/cadastro\/\" style=\"color: rgba(0,0,0,0);\"><br \/>\n      Read more koko288<br \/>\n    <\/a>\n  <\/li>\n<li class=\"guindani-obl-item\">\n    <a href=\"https:\/\/guindani.com.br\/news\/\" style=\"color: rgba(0,0,0,0);\"><br \/>\n      Read more koko303<br \/>\n    <\/a>\n  <\/li>\n<li class=\"guindani-obl-item\">\n    <a href=\"https:\/\/guindani.com.br\/minha-conta\/\" style=\"color: rgba(0,0,0,0);\"><br \/>\n      Read more koko11<br \/>\n    <\/a>\n  <\/li>\n<li class=\"guindani-obl-item\">\n    <a href=\"https:\/\/guindani.com.br\/colecoes\/\" style=\"color: rgba(0,0,0,0);\"><br \/>\n      Read more virtusplay<br \/>\n    <\/a>\n  <\/li>\n<li class=\"guindani-obl-item\">\n    <a href=\"https:\/\/guindani.com.br\/linha-tubo\/\" style=\"color: rgba(0,0,0,0);\"><br \/>\n      Read more koko5000<br \/>\n    <\/a>\n  <\/li>\n<\/ul>\n","protected":false},"excerpt":{"rendered":"<p>&nbsp; \u00a0 Atuando h\u00e1 mais de 65 anos no mercado, a Guindani soube construir uma marca significativa no ramo joalheiro. Origin\u00e1ria do Rio Grande de Sul, atua em todo territ\u00f3rio Nacional, com presen\u00e7a marcante nas principais joalherias do Pa\u00eds. Investindo sempre em tecnologia e agregando design pr\u00f3prio, desenvolve joias de beleza impar, atendendo os mais [&hellip;]<\/p>\n","protected":false},"author":864603,"featured_media":0,"parent":0,"menu_order":0,"comment_status":"closed","ping_status":"closed","template":"","meta":{"footnotes":""},"class_list":["post-12","page","type-page","status-publish","hentry","blog-left-layout","blog-style-postblock","","blog-alt-odd"],"_links":{"self":[{"href":"https:\/\/guindani.com.br\/index.php?rest_route=\/wp\/v2\/pages\/12","targetHints":{"allow":["GET"]}}],"collection":[{"href":"https:\/\/guindani.com.br\/index.php?rest_route=\/wp\/v2\/pages"}],"about":[{"href":"https:\/\/guindani.com.br\/index.php?rest_route=\/wp\/v2\/types\/page"}],"author":[{"embeddable":true,"href":"https:\/\/guindani.com.br\/index.php?rest_route=\/wp\/v2\/users\/864603"}],"replies":[{"embeddable":true,"href":"https:\/\/guindani.com.br\/index.php?rest_route=%2Fwp%2Fv2%2Fcomments&post=12"}],"version-history":[{"count":4,"href":"https:\/\/guindani.com.br\/index.php?rest_route=\/wp\/v2\/pages\/12\/revisions"}],"predecessor-version":[{"id":9423,"href":"https:\/\/guindani.com.br\/index.php?rest_route=\/wp\/v2\/pages\/12\/revisions\/9423"}],"wp:attachment":[{"href":"https:\/\/guindani.com.br\/index.php?rest_route=%2Fwp%2Fv2%2Fmedia&parent=12"}],"curies":[{"name":"wp","href":"https:\/\/api.w.org\/{rel}","templated":true}]}}